{"id":132,"date":"2014-01-26T12:09:29","date_gmt":"2014-01-26T12:09:29","guid":{"rendered":"http:\/\/astrid-kruse.de\/?page_id=132"},"modified":"2023-09-13T09:18:54","modified_gmt":"2023-09-13T09:18:54","slug":"einzelunterricht","status":"publish","type":"page","link":"https:\/\/astrid-kruse.de\/?page_id=132","title":{"rendered":"Einzelunterricht"},"content":{"rendered":"<blockquote><p><img data-attachment-id=\"487\" data-permalink=\"https:\/\/astrid-kruse.de\/?attachment_id=487\" data-orig-file=\"https:\/\/i0.wp.com\/astrid-kruse.de\/wp-content\/uploads\/2014\/01\/P1010044-e1392014989863.jpg?fit=800%2C600&amp;ssl=1\" data-orig-size=\"800,600\" data-comments-opened=\"1\" data-image-meta=\"{&quot;aperture&quot;:&quot;2.8&quot;,&quot;credit&quot;:&quot;&quot;,&quot;camera&quot;:&quot;C750UZ&quot;,&quot;caption&quot;:&quot;&quot;,&quot;created_timestamp&quot;:&quot;1388847594&quot;,&quot;copyright&quot;:&quot;&quot;,&quot;focal_length&quot;:&quot;6.3&quot;,&quot;iso&quot;:&quot;124&quot;,&quot;shutter_speed&quot;:&quot;0.033333333333333&quot;,&quot;title&quot;:&quot;OLYMPUS DIGITAL CAMERA&quot;}\" data-image-title=\"OLYMPUS DIGITAL CAMERA\" data-image-description=\"\" data-image-caption=\"\" data-medium-file=\"https:\/\/i0.wp.com\/astrid-kruse.de\/wp-content\/uploads\/2014\/01\/P1010044-e1392014989863.jpg?fit=300%2C224&amp;ssl=1\" data-large-file=\"https:\/\/i0.wp.com\/astrid-kruse.de\/wp-content\/uploads\/2014\/01\/P1010044-e1392014989863.jpg?fit=1024%2C767&amp;ssl=1\" decoding=\"async\" loading=\"lazy\" class=\" wp-image-487 alignright\" alt=\"OLYMPUS DIGITAL CAMERA\" src=\"https:\/\/i0.wp.com\/astrid-kruse.de\/wp-content\/uploads\/2014\/01\/P1010044.jpg?resize=210%2C157\" width=\"210\" height=\"157\"  data-recalc-dims=\"1\"><\/p><\/blockquote>\n<h4 style=\"text-align: left;\"><span style=\"color: #000080;\">Einzelunterricht f\u00fcr Kinder und Jugendliche<\/span><\/h4>\n<ul>\n<li>zur F\u00f6rderung der Feinmotorik bei Defiziten wie z.B. f\u00fcr Kinder, die in die erste Klasse kommen und noch Schwierigkeiten haben mit Stift, Pinsel &amp; Co umzugehen<\/li>\n<li>zur Intensivf\u00f6rderung malbegeisterter Kinder und Jugendlicher<\/li>\n<li>als Begleitung und Anleitung zur Umsetzung eigener Ideen und Sujets<\/li>\n<\/ul>\n<p>&nbsp;<\/p>\n<h4><span style=\"color: #000080;\">Einzelunterricht f\u00fcr Kinder und Erwachsene im Sinne gestaltungstherapeutischer Prozesse<\/span><\/h4>\n<ul>\n<li><img data-attachment-id=\"474\" data-permalink=\"https:\/\/astrid-kruse.de\/?attachment_id=474\" data-orig-file=\"https:\/\/i0.wp.com\/astrid-kruse.de\/wp-content\/uploads\/2014\/01\/bunter-Fisch-e1391976691604.jpg?fit=800%2C599&amp;ssl=1\" data-orig-size=\"800,599\" data-comments-opened=\"1\" data-image-meta=\"{&quot;aperture&quot;:&quot;3.2&quot;,&quot;credit&quot;:&quot;&quot;,&quot;camera&quot;:&quot;C750UZ&quot;,&quot;caption&quot;:&quot;&quot;,&quot;created_timestamp&quot;:&quot;1388845602&quot;,&quot;copyright&quot;:&quot;&quot;,&quot;focal_length&quot;:&quot;16.6&quot;,&quot;iso&quot;:&quot;99&quot;,&quot;shutter_speed&quot;:&quot;0.01&quot;,&quot;title&quot;:&quot;OLYMPUS DIGITAL CAMERA&quot;}\" data-image-title=\"OLYMPUS DIGITAL CAMERA\" data-image-description=\"\" data-image-caption=\"\" data-medium-file=\"https:\/\/i0.wp.com\/astrid-kruse.de\/wp-content\/uploads\/2014\/01\/bunter-Fisch-e1391976691604.jpg?fit=300%2C224&amp;ssl=1\" data-large-file=\"https:\/\/i0.wp.com\/astrid-kruse.de\/wp-content\/uploads\/2014\/01\/bunter-Fisch-e1391976691604.jpg?fit=1024%2C766&amp;ssl=1\" decoding=\"async\" loading=\"lazy\" class=\"wp-image-474 alignright\" alt=\"OLYMPUS DIGITAL CAMERA\" src=\"https:\/\/i0.wp.com\/astrid-kruse.de\/wp-content\/uploads\/2014\/01\/bunter-Fisch.jpg?resize=210%2C157\" width=\"210\" height=\"157\"  data-recalc-dims=\"1\">um in einen Dialog mit sich selbst zu treten<\/li>\n<li>um Unsagbares sichtbar werden zu lassen und zu bearbeiten<\/li>\n<li>um Gef\u00fchle und Lebensprozesse auszudr\u00fccken, anzunehmen und verstehen zu lernen.<\/li>\n<\/ul>\n<p>Hierbei handelt es sich nicht um die Aneignung von Maltechniken oder Zeichenkunst. Es sind keine qualitativ k\u00fcnstlerischen Bilder gefragt und sie werden auch nicht als solche bewertet.<\/p>\n","protected":false},"excerpt":{"rendered":"<p>Einzelunterricht f\u00fcr Kinder und Jugendliche zur F\u00f6rderung der Feinmotorik bei Defiziten wie z.B. f\u00fcr Kinder, die in die erste Klasse kommen und noch Schwierigkeiten haben mit Stift, Pinsel &amp; Co umzugehen zur Intensivf\u00f6rderung malbegeisterter Kinder und Jugendlicher als Begleitung und &hellip; <a href=\"https:\/\/astrid-kruse.de\/?page_id=132\">Weiter<\/a><\/p>\n","protected":false},"author":1,"featured_media":0,"parent":0,"menu_order":0,"comment_status":"closed","ping_status":"open","template":"page-fullwidth.php","meta":[],"jetpack_sharing_enabled":true,"jetpack_shortlink":"https:\/\/wp.me\/P4hUDp-28","jetpack-related-posts":[{"id":24,"url":"https:\/\/astrid-kruse.de\/?page_id=24","url_meta":{"origin":132,"position":0},"title":"Kurse","date":"Januar 24, 2014","format":false,"excerpt":"Als Kind ist jeder ein K\u00fcnstler. Die Schwierigkeit liegt darin, als Erwachsener einer zu bleiben. Pablo Picasso In kleinen Gruppen erf\u00e4hrt jeder einzelne Teilnehmer gen\u00fcgend Raum und Aufmerksamkeit, um sein Werk entstehen zu lassen. So wird Individualit\u00e4t und Selbstwertgef\u00fchl gef\u00f6rdert, Konzentration gest\u00e4rkt und der Sinn f\u00fcr Kunst und \u00c4sthetik sensibilisiert.\u2026","rel":"","context":"\u00c4hnlicher Beitrag","img":{"alt_text":"","src":"","width":0,"height":0},"classes":[]},{"id":128,"url":"https:\/\/astrid-kruse.de\/?page_id=128","url_meta":{"origin":132,"position":1},"title":"Kurse f\u00fcr Kinder und Jugendliche","date":"Januar 26, 2014","format":false,"excerpt":"Die Kurse\u00a0 (12 Maltermine) f\u00fcr Kinder ab sechs Jahren und Jugendliche finden entsprechend ihrer Altersstufe an verschiedenen Nachmittagen einmal w\u00f6chentlich statt. Es gibt 60- und 90-min\u00fctige Kurse. 60min Kurs: 12 x 60 Minuten, \u20ac 134,50 inkl. Material 90min Kurs: 12 x 90 Minuten, \u20ac 169,80 inkl. Material Regelm\u00e4\u00dfig pr\u00e4sentieren wir\u2026","rel":"","context":"\u00c4hnlicher Beitrag","img":{"alt_text":"","src":"https:\/\/i0.wp.com\/astrid-kruse.de\/wp-content\/uploads\/2023\/09\/9E5F305A-0D57-4BEB-81C6-817FF753647F_1_105_c-e1694595856765.jpeg?resize=350%2C200&ssl=1","width":350,"height":200},"classes":[]},{"id":1733,"url":"https:\/\/astrid-kruse.de\/?page_id=1733","url_meta":{"origin":132,"position":2},"title":"Datenschutzerkl\u00e4rung","date":"Juni 25, 2018","format":false,"excerpt":"Diese Datenschutzerkl\u00e4rung kl\u00e4rt Sie \u00fcber die Art, den Umfang und Zweck der Verarbeitung von personenbezogenen Daten (nachfolgend kurz \u201eDaten\u201c) innerhalb unseres Onlineangebotes und der mit ihm verbundenen Webseiten, Funktionen und Inhalte sowie externen Onlinepr\u00e4senzen, wie z.B. unser Social Media Profile auf (nachfolgend gemeinsam bezeichnet als \u201eOnlineangebot\u201c). Im Hinblick auf die\u2026","rel":"","context":"\u00c4hnlicher Beitrag","img":{"alt_text":"","src":"","width":0,"height":0},"classes":[]},{"id":130,"url":"https:\/\/astrid-kruse.de\/?page_id=130","url_meta":{"origin":132,"position":3},"title":"Kurse f\u00fcr Erwachsene","date":"Januar 26, 2014","format":false,"excerpt":"Jeder K\u00fcnstler hat irgendwann einmal als Amateur angefangen. Ralph Waldo Emerson Sie m\u00f6chten anfangen zu malen und zu zeichnen, oder wieder einsteigen, Sie suchen Ideen und Anregungen oder wollen in Ihrem kreativen Prozess fortfahren? In freundlicher Atmosph\u00e4re und Schritt f\u00fcr Schritt erlernen Sie das Umsetzen von Bildern, das Experimentieren mit\u2026","rel":"","context":"\u00c4hnlicher Beitrag","img":{"alt_text":"","src":"","width":0,"height":0},"classes":[]},{"id":21,"url":"https:\/\/astrid-kruse.de\/?page_id=21","url_meta":{"origin":132,"position":4},"title":"Malschule","date":"Januar 24, 2014","format":false,"excerpt":"Um ein guter Maler zu sein, braucht es vier Dinge: Weiches Herz, feines Auge, leichte Hand und immer frisch gewaschene Pinsel. Anselm Feuerbach, dt. Maler Die Pinsel sind gewaschen, die Stifte gespitzt \u2013 es kann losgehen! In der Malschule bietet sich ein gesch\u00fctzter Raum, um kreativen Ideen nachzugehen, die n\u00e4chste\u2026","rel":"","context":"\u00c4hnlicher Beitrag","img":{"alt_text":"","src":"https:\/\/i0.wp.com\/astrid-kruse.de\/wp-content\/uploads\/2014\/01\/Farben-mehr1-300x224.jpg?resize=350%2C200","width":350,"height":200},"classes":[]},{"id":146,"url":"https:\/\/astrid-kruse.de\/?page_id=146","url_meta":{"origin":132,"position":5},"title":"Astrid Kruse","date":"Januar 26, 2014","format":false,"excerpt":"Der Mensch, das Augenwesen, braucht ein Bild. Leonardo da Vinci Als K\u00fcnstlerin wie auch als ausgebildete und langj\u00e4hrig praktizierende Heilpraktikerin, mit Ausbildung in Gestaltungstherapie und Altenpflege, habe ich einen umfassenden Blick auf sch\u00f6pferisches Tun und kreative Prozesse. Kunst ist mehr, als Bilder zu malen. Kunst findet zuerst in jedem Malenden\u2026","rel":"","context":"\u00c4hnlicher Beitrag","img":{"alt_text":"","src":"https:\/\/i0.wp.com\/astrid-kruse.de\/wp-content\/uploads\/2017\/03\/Astrid-1-225x300.jpg?resize=350%2C200","width":350,"height":200},"classes":[]}],"_links":{"self":[{"href":"https:\/\/astrid-kruse.de\/index.php?rest_route=\/wp\/v2\/pages\/132"}],"collection":[{"href":"https:\/\/astrid-kruse.de\/index.php?rest_route=\/wp\/v2\/pages"}],"about":[{"href":"https:\/\/astrid-kruse.de\/index.php?rest_route=\/wp\/v2\/types\/page"}],"author":[{"embeddable":true,"href":"https:\/\/astrid-kruse.de\/index.php?rest_route=\/wp\/v2\/users\/1"}],"replies":[{"embeddable":true,"href":"https:\/\/astrid-kruse.de\/index.php?rest_route=%2Fwp%2Fv2%2Fcomments&post=132"}],"version-history":[{"count":23,"href":"https:\/\/astrid-kruse.de\/index.php?rest_route=\/wp\/v2\/pages\/132\/revisions"}],"predecessor-version":[{"id":2072,"href":"https:\/\/astrid-kruse.de\/index.php?rest_route=\/wp\/v2\/pages\/132\/revisions\/2072"}],"wp:attachment":[{"href":"https:\/\/astrid-kruse.de\/index.php?rest_route=%2Fwp%2Fv2%2Fmedia&parent=132"}],"curies":[{"name":"wp","href":"https:\/\/api.w.org\/{rel}","templated":true}]}}