{"id":130,"date":"2014-01-26T12:09:45","date_gmt":"2014-01-26T12:09:45","guid":{"rendered":"http:\/\/astrid-kruse.de\/?page_id=130"},"modified":"2023-09-13T09:21:18","modified_gmt":"2023-09-13T09:21:18","slug":"kurse-fuer-erwachsene","status":"publish","type":"page","link":"https:\/\/astrid-kruse.de\/?page_id=130","title":{"rendered":"Kurse f\u00fcr Erwachsene"},"content":{"rendered":"<blockquote>\n<p style=\"text-align: left;\"><span style=\"color: #800080;\"><a href=\"https:\/\/i0.wp.com\/astrid-kruse.de\/wp-content\/uploads\/2014\/01\/Frau-in-Schnecke-e1392144869610.jpg\"><img data-attachment-id=\"612\" data-permalink=\"https:\/\/astrid-kruse.de\/?attachment_id=612\" data-orig-file=\"https:\/\/i0.wp.com\/astrid-kruse.de\/wp-content\/uploads\/2014\/01\/Frau-in-Schnecke-e1392144869610.jpg?fit=600%2C802&amp;ssl=1\" data-orig-size=\"600,802\" data-comments-opened=\"1\" data-image-meta=\"{&quot;aperture&quot;:&quot;3.2&quot;,&quot;credit&quot;:&quot;&quot;,&quot;camera&quot;:&quot;C750UZ&quot;,&quot;caption&quot;:&quot;&quot;,&quot;created_timestamp&quot;:&quot;1388845604&quot;,&quot;copyright&quot;:&quot;&quot;,&quot;focal_length&quot;:&quot;23.4&quot;,&quot;iso&quot;:&quot;122&quot;,&quot;shutter_speed&quot;:&quot;0.005&quot;,&quot;title&quot;:&quot;OLYMPUS DIGITAL CAMERA&quot;}\" data-image-title=\"OLYMPUS DIGITAL CAMERA\" data-image-description=\"\" data-image-caption=\"\" data-medium-file=\"https:\/\/i0.wp.com\/astrid-kruse.de\/wp-content\/uploads\/2014\/01\/Frau-in-Schnecke-e1392144869610.jpg?fit=224%2C300&amp;ssl=1\" data-large-file=\"https:\/\/i0.wp.com\/astrid-kruse.de\/wp-content\/uploads\/2014\/01\/Frau-in-Schnecke-e1392144869610.jpg?fit=766%2C1024&amp;ssl=1\" decoding=\"async\" loading=\"lazy\" class=\"wp-image-612 alignright\" src=\"https:\/\/i0.wp.com\/astrid-kruse.de\/wp-content\/uploads\/2014\/01\/Frau-in-Schnecke.jpg?resize=141%2C189\" alt=\"OLYMPUS DIGITAL CAMERA\" width=\"141\" height=\"189\" data-recalc-dims=\"1\" \/><\/a>Jeder K\u00fcnstler hat irgendwann einmal<\/span><\/p>\n<p><span style=\"color: #800080;\"><a href=\"https:\/\/i0.wp.com\/astrid-kruse.de\/wp-content\/uploads\/2023\/05\/366C5D80-DAB8-4A5D-8397-52B0E69E3DCA_1_105_c-e1683705207434.jpeg\"><img data-attachment-id=\"2005\" data-permalink=\"https:\/\/astrid-kruse.de\/?attachment_id=2005\" data-orig-file=\"https:\/\/i0.wp.com\/astrid-kruse.de\/wp-content\/uploads\/2023\/05\/366C5D80-DAB8-4A5D-8397-52B0E69E3DCA_1_105_c-e1683705207434.jpeg?fit=400%2C533&amp;ssl=1\" data-orig-size=\"400,533\" data-comments-opened=\"1\" data-image-meta=\"{&quot;aperture&quot;:&quot;1.8&quot;,&quot;credit&quot;:&quot;&quot;,&quot;camera&quot;:&quot;iPhone SE (2nd generation)&quot;,&quot;caption&quot;:&quot;&quot;,&quot;created_timestamp&quot;:&quot;1670868053&quot;,&quot;copyright&quot;:&quot;&quot;,&quot;focal_length&quot;:&quot;3.99&quot;,&quot;iso&quot;:&quot;80&quot;,&quot;shutter_speed&quot;:&quot;0.02&quot;,&quot;title&quot;:&quot;&quot;,&quot;orientation&quot;:&quot;1&quot;}\" data-image-title=\"Hamar, \u00c4thiopien\" data-image-description=\"\" data-image-caption=\"\" data-medium-file=\"https:\/\/i0.wp.com\/astrid-kruse.de\/wp-content\/uploads\/2023\/05\/366C5D80-DAB8-4A5D-8397-52B0E69E3DCA_1_105_c-e1683705207434.jpeg?fit=225%2C300&amp;ssl=1\" data-large-file=\"https:\/\/i0.wp.com\/astrid-kruse.de\/wp-content\/uploads\/2023\/05\/366C5D80-DAB8-4A5D-8397-52B0E69E3DCA_1_105_c-e1683705207434.jpeg?fit=400%2C533&amp;ssl=1\" decoding=\"async\" loading=\"lazy\" class=\"wp-image-2005 alignright\" src=\"https:\/\/i0.wp.com\/astrid-kruse.de\/wp-content\/uploads\/2023\/05\/366C5D80-DAB8-4A5D-8397-52B0E69E3DCA_1_105_c-e1683705207434.jpeg?resize=150%2C200\" alt=\"\" width=\"150\" height=\"200\" srcset=\"https:\/\/i0.wp.com\/astrid-kruse.de\/wp-content\/uploads\/2023\/05\/366C5D80-DAB8-4A5D-8397-52B0E69E3DCA_1_105_c-e1683705207434.jpeg?w=400&amp;ssl=1 400w, https:\/\/i0.wp.com\/astrid-kruse.de\/wp-content\/uploads\/2023\/05\/366C5D80-DAB8-4A5D-8397-52B0E69E3DCA_1_105_c-e1683705207434.jpeg?resize=225%2C300&amp;ssl=1 225w\" sizes=\"(max-width: 150px) 100vw, 150px\" data-recalc-dims=\"1\" \/><\/a><\/span><\/p>\n<p style=\"text-align: left;\"><span style=\"color: #800080;\">als Amateur angefangen.<\/span><\/p>\n<p style=\"text-align: left;\"><em><span style=\"color: #800080;\">Ralph Waldo Emerson<\/span><\/em><\/p>\n<\/blockquote>\n<p style=\"text-align: left;\">Sie m\u00f6chten anfangen zu malen und zu zeichnen, oder wieder einsteigen, Sie suchen Ideen und Anregungen oder wollen in Ihrem kreativen Prozess fortfahren? In freundlicher Atmosph\u00e4re und Schritt f\u00fcr Schritt erlernen Sie das Umsetzen von Bildern, das Experimentieren mit verschiedenen Techniken und\u00a0finden zu Ihrem individuellen Selbstausdruck.\u00a0Das Tempo bestimmen Sie.<\/p>\n<p style=\"text-align: left;\">\n","protected":false},"excerpt":{"rendered":"<p>Jeder K\u00fcnstler hat irgendwann einmal als Amateur angefangen. Ralph Waldo Emerson Sie m\u00f6chten anfangen zu malen und zu zeichnen, oder wieder einsteigen, Sie suchen Ideen und Anregungen oder wollen in Ihrem kreativen Prozess fortfahren? In freundlicher Atmosph\u00e4re und Schritt f\u00fcr &hellip; <a href=\"https:\/\/astrid-kruse.de\/?page_id=130\">Weiter<\/a><\/p>\n","protected":false},"author":1,"featured_media":0,"parent":0,"menu_order":0,"comment_status":"closed","ping_status":"open","template":"page-fullwidth.php","meta":[],"jetpack_sharing_enabled":true,"jetpack_shortlink":"https:\/\/wp.me\/P4hUDp-26","jetpack-related-posts":[{"id":1733,"url":"https:\/\/astrid-kruse.de\/?page_id=1733","url_meta":{"origin":130,"position":0},"title":"Datenschutzerkl\u00e4rung","date":"Juni 25, 2018","format":false,"excerpt":"Diese Datenschutzerkl\u00e4rung kl\u00e4rt Sie \u00fcber die Art, den Umfang und Zweck der Verarbeitung von personenbezogenen Daten (nachfolgend kurz \u201eDaten\u201c) innerhalb unseres Onlineangebotes und der mit ihm verbundenen Webseiten, Funktionen und Inhalte sowie externen Onlinepr\u00e4senzen, wie z.B. unser Social Media Profile auf (nachfolgend gemeinsam bezeichnet als \u201eOnlineangebot\u201c). Im Hinblick auf die\u2026","rel":"","context":"\u00c4hnlicher Beitrag","img":{"alt_text":"","src":"","width":0,"height":0},"classes":[]},{"id":128,"url":"https:\/\/astrid-kruse.de\/?page_id=128","url_meta":{"origin":130,"position":1},"title":"Kurse f\u00fcr Kinder und Jugendliche","date":"Januar 26, 2014","format":false,"excerpt":"Die Kurse\u00a0 (12 Maltermine) f\u00fcr Kinder ab sechs Jahren und Jugendliche finden entsprechend ihrer Altersstufe an verschiedenen Nachmittagen einmal w\u00f6chentlich statt. Es gibt 60- und 90-min\u00fctige Kurse. 60min Kurs: 12 x 60 Minuten, \u20ac 134,50 inkl. Material 90min Kurs: 12 x 90 Minuten, \u20ac 169,80 inkl. Material Regelm\u00e4\u00dfig pr\u00e4sentieren wir\u2026","rel":"","context":"\u00c4hnlicher Beitrag","img":{"alt_text":"","src":"https:\/\/i0.wp.com\/astrid-kruse.de\/wp-content\/uploads\/2023\/09\/9E5F305A-0D57-4BEB-81C6-817FF753647F_1_105_c-e1694595856765.jpeg?resize=350%2C200&ssl=1","width":350,"height":200},"classes":[]},{"id":132,"url":"https:\/\/astrid-kruse.de\/?page_id=132","url_meta":{"origin":130,"position":2},"title":"Einzelunterricht","date":"Januar 26, 2014","format":false,"excerpt":"Einzelunterricht f\u00fcr Kinder und Jugendliche zur F\u00f6rderung der Feinmotorik bei Defiziten wie z.B. f\u00fcr Kinder, die in die erste Klasse kommen und noch Schwierigkeiten haben mit Stift, Pinsel & Co umzugehen zur Intensivf\u00f6rderung malbegeisterter Kinder und Jugendlicher als Begleitung und Anleitung zur Umsetzung eigener Ideen und Sujets \u00a0 Einzelunterricht f\u00fcr\u2026","rel":"","context":"\u00c4hnlicher Beitrag","img":{"alt_text":"","src":"","width":0,"height":0},"classes":[]},{"id":24,"url":"https:\/\/astrid-kruse.de\/?page_id=24","url_meta":{"origin":130,"position":3},"title":"Kurse","date":"Januar 24, 2014","format":false,"excerpt":"Als Kind ist jeder ein K\u00fcnstler. Die Schwierigkeit liegt darin, als Erwachsener einer zu bleiben. Pablo Picasso In kleinen Gruppen erf\u00e4hrt jeder einzelne Teilnehmer gen\u00fcgend Raum und Aufmerksamkeit, um sein Werk entstehen zu lassen. So wird Individualit\u00e4t und Selbstwertgef\u00fchl gef\u00f6rdert, Konzentration gest\u00e4rkt und der Sinn f\u00fcr Kunst und \u00c4sthetik sensibilisiert.\u2026","rel":"","context":"\u00c4hnlicher Beitrag","img":{"alt_text":"","src":"","width":0,"height":0},"classes":[]},{"id":65,"url":"https:\/\/astrid-kruse.de\/?page_id=65","url_meta":{"origin":130,"position":4},"title":"Kontakt","date":"Januar 25, 2014","format":false,"excerpt":"Wenn Sie Interesse an den Kursangeboten haben, k\u00f6nnen Sie sich gerne bei mir melden. Gerne stehe ich Ihnen auch f\u00fcr ein pers\u00f6nliches Gespr\u00e4ch zur \u00a0Verf\u00fcgung. Sie erreichen mich unter der Telefonnummer\u00a007425 \u2013 27 193\u00a0oder per Email astridkruse@gmx.de. Alternativ k\u00f6nnen Sie auch gerne online ein Kontaktformular ausf\u00fcllen. \u00a0 Standort:","rel":"","context":"\u00c4hnlicher Beitrag","img":{"alt_text":"","src":"","width":0,"height":0},"classes":[]},{"id":851,"url":"https:\/\/astrid-kruse.de\/","url_meta":{"origin":130,"position":5},"title":"Startseite","date":"M\u00e4rz 9, 2014","format":false,"excerpt":"Willkommen in der Malschule Astrid Kruse Mit einem vielf\u00e4ltigen Kursangebot und Informationen \u00fcber unsere Arbeit m\u00f6chte ich Sie in die Welt des Gestaltens hineinnehmen. Lassen Sie sich verzaubern von Formen und Farben.","rel":"","context":"\u00c4hnlicher Beitrag","img":{"alt_text":"","src":"","width":0,"height":0},"classes":[]}],"_links":{"self":[{"href":"https:\/\/astrid-kruse.de\/index.php?rest_route=\/wp\/v2\/pages\/130"}],"collection":[{"href":"https:\/\/astrid-kruse.de\/index.php?rest_route=\/wp\/v2\/pages"}],"about":[{"href":"https:\/\/astrid-kruse.de\/index.php?rest_route=\/wp\/v2\/types\/page"}],"author":[{"embeddable":true,"href":"https:\/\/astrid-kruse.de\/index.php?rest_route=\/wp\/v2\/users\/1"}],"replies":[{"embeddable":true,"href":"https:\/\/astrid-kruse.de\/index.php?rest_route=%2Fwp%2Fv2%2Fcomments&post=130"}],"version-history":[{"count":14,"href":"https:\/\/astrid-kruse.de\/index.php?rest_route=\/wp\/v2\/pages\/130\/revisions"}],"predecessor-version":[{"id":2074,"href":"https:\/\/astrid-kruse.de\/index.php?rest_route=\/wp\/v2\/pages\/130\/revisions\/2074"}],"wp:attachment":[{"href":"https:\/\/astrid-kruse.de\/index.php?rest_route=%2Fwp%2Fv2%2Fmedia&parent=130"}],"curies":[{"name":"wp","href":"https:\/\/api.w.org\/{rel}","templated":true}]}}