{"id":99,"date":"2014-01-26T10:34:41","date_gmt":"2014-01-26T10:34:41","guid":{"rendered":"http:\/\/astrid-kruse.de\/?page_id=99"},"modified":"2016-11-12T20:15:12","modified_gmt":"2016-11-12T20:15:12","slug":"projekte","status":"publish","type":"page","link":"http:\/\/astrid-kruse.de\/?page_id=99","title":{"rendered":"Projekte"},"content":{"rendered":"<h5>Projekte der Malschule mit Kooperationspartnern in der Region.<\/h5>\n","protected":false},"excerpt":{"rendered":"<p>Projekte der Malschule mit Kooperationspartnern in der Region.<\/p>\n","protected":false},"author":1,"featured_media":0,"parent":0,"menu_order":0,"comment_status":"closed","ping_status":"open","template":"page-portfolio.php","meta":[],"jetpack_sharing_enabled":true,"jetpack_shortlink":"https:\/\/wp.me\/P4hUDp-1B","jetpack-related-posts":[{"id":851,"url":"http:\/\/astrid-kruse.de\/","url_meta":{"origin":99,"position":0},"title":"Startseite","date":"M\u00e4rz 9, 2014","format":false,"excerpt":"Willkommen in der Malschule Astrid Kruse Mit einem vielf\u00e4ltigen Kursangebot und Informationen \u00fcber unsere Arbeit m\u00f6chte ich Sie in die Welt des Gestaltens hineinnehmen. Lassen Sie sich verzaubern von Formen und Farben.","rel":"","context":"\u00c4hnlicher Beitrag","img":{"alt_text":"","src":"","width":0,"height":0},"classes":[]},{"id":21,"url":"http:\/\/astrid-kruse.de\/?page_id=21","url_meta":{"origin":99,"position":1},"title":"Malschule","date":"Januar 24, 2014","format":false,"excerpt":"Um ein guter Maler zu sein, braucht es vier Dinge: Weiches Herz, feines Auge, leichte Hand und immer frisch gewaschene Pinsel. Anselm Feuerbach, dt. Maler Die Pinsel sind gewaschen, die Stifte gespitzt \u2013 es kann losgehen! In der Malschule bietet sich ein gesch\u00fctzter Raum, um kreativen Ideen nachzugehen, die n\u00e4chste\u2026","rel":"","context":"\u00c4hnlicher Beitrag","img":{"alt_text":"","src":"https:\/\/i0.wp.com\/astrid-kruse.de\/wp-content\/uploads\/2014\/01\/Farben-mehr1-300x224.jpg?resize=350%2C200","width":350,"height":200},"classes":[]},{"id":109,"url":"http:\/\/astrid-kruse.de\/?page_id=109","url_meta":{"origin":99,"position":2},"title":"Standort","date":"Januar 26, 2014","format":false,"excerpt":"Malschule Astrid Kruse Auf G\u00f6lten 40 78647 Trossingen \u00a0 Telefon : 07425 - 27 193 Email: \u00a0 \u00a0astridkruse@gmx.de","rel":"","context":"\u00c4hnlicher Beitrag","img":{"alt_text":"","src":"","width":0,"height":0},"classes":[]},{"id":1733,"url":"http:\/\/astrid-kruse.de\/?page_id=1733","url_meta":{"origin":99,"position":3},"title":"Datenschutzerkl\u00e4rung","date":"Juni 25, 2018","format":false,"excerpt":"Diese Datenschutzerkl\u00e4rung kl\u00e4rt Sie \u00fcber die Art, den Umfang und Zweck der Verarbeitung von personenbezogenen Daten (nachfolgend kurz \u201eDaten\u201c) innerhalb unseres Onlineangebotes und der mit ihm verbundenen Webseiten, Funktionen und Inhalte sowie externen Onlinepr\u00e4senzen, wie z.B. unser Social Media Profile auf (nachfolgend gemeinsam bezeichnet als \u201eOnlineangebot\u201c). Im Hinblick auf die\u2026","rel":"","context":"\u00c4hnlicher Beitrag","img":{"alt_text":"","src":"","width":0,"height":0},"classes":[]},{"id":128,"url":"http:\/\/astrid-kruse.de\/?page_id=128","url_meta":{"origin":99,"position":4},"title":"Kurse f\u00fcr Kinder und Jugendliche","date":"Januar 26, 2014","format":false,"excerpt":"Die Kurse\u00a0 (12 Maltermine) f\u00fcr Kinder ab sechs Jahren und Jugendliche finden entsprechend ihrer Altersstufe an verschiedenen Nachmittagen einmal w\u00f6chentlich statt. Es gibt 60- und 90-min\u00fctige Kurse. 60min Kurs: 12 x 60 Minuten, \u20ac 134,50 inkl. Material 90min Kurs: 12 x 90 Minuten, \u20ac 169,80 inkl. Material Regelm\u00e4\u00dfig pr\u00e4sentieren wir\u2026","rel":"","context":"\u00c4hnlicher Beitrag","img":{"alt_text":"","src":"https:\/\/i0.wp.com\/astrid-kruse.de\/wp-content\/uploads\/2023\/09\/9E5F305A-0D57-4BEB-81C6-817FF753647F_1_105_c-e1694595856765.jpeg?resize=350%2C200","width":350,"height":200},"classes":[]},{"id":146,"url":"http:\/\/astrid-kruse.de\/?page_id=146","url_meta":{"origin":99,"position":5},"title":"Astrid Kruse","date":"Januar 26, 2014","format":false,"excerpt":"Der Mensch, das Augenwesen, braucht ein Bild. Leonardo da Vinci Als K\u00fcnstlerin wie auch als ausgebildete und langj\u00e4hrig praktizierende Heilpraktikerin, mit Ausbildung in Gestaltungstherapie und Altenpflege, habe ich einen umfassenden Blick auf sch\u00f6pferisches Tun und kreative Prozesse. Kunst ist mehr, als Bilder zu malen. Kunst findet zuerst in jedem Malenden\u2026","rel":"","context":"\u00c4hnlicher Beitrag","img":{"alt_text":"","src":"https:\/\/i0.wp.com\/astrid-kruse.de\/wp-content\/uploads\/2017\/03\/Astrid-1-225x300.jpg?resize=350%2C200","width":350,"height":200},"classes":[]}],"_links":{"self":[{"href":"http:\/\/astrid-kruse.de\/index.php?rest_route=\/wp\/v2\/pages\/99"}],"collection":[{"href":"http:\/\/astrid-kruse.de\/index.php?rest_route=\/wp\/v2\/pages"}],"about":[{"href":"http:\/\/astrid-kruse.de\/index.php?rest_route=\/wp\/v2\/types\/page"}],"author":[{"embeddable":true,"href":"http:\/\/astrid-kruse.de\/index.php?rest_route=\/wp\/v2\/users\/1"}],"replies":[{"embeddable":true,"href":"http:\/\/astrid-kruse.de\/index.php?rest_route=%2Fwp%2Fv2%2Fcomments&post=99"}],"version-history":[{"count":19,"href":"http:\/\/astrid-kruse.de\/index.php?rest_route=\/wp\/v2\/pages\/99\/revisions"}],"predecessor-version":[{"id":901,"href":"http:\/\/astrid-kruse.de\/index.php?rest_route=\/wp\/v2\/pages\/99\/revisions\/901"}],"wp:attachment":[{"href":"http:\/\/astrid-kruse.de\/index.php?rest_route=%2Fwp%2Fv2%2Fmedia&parent=99"}],"curies":[{"name":"wp","href":"https:\/\/api.w.org\/{rel}","templated":true}]}}