{"id":65,"date":"2014-01-25T20:51:36","date_gmt":"2014-01-25T20:51:36","guid":{"rendered":"http:\/\/astrid-kruse.de\/?page_id=65"},"modified":"2015-05-02T11:46:38","modified_gmt":"2015-05-02T11:46:38","slug":"kontakt","status":"publish","type":"page","link":"http:\/\/astrid-kruse.de\/?page_id=65","title":{"rendered":"Kontakt"},"content":{"rendered":"<p><a href=\"https:\/\/i0.wp.com\/astrid-kruse.de\/wp-content\/uploads\/2014\/03\/Malschulm\u00e4nnchen.jpg\"><img data-attachment-id=\"824\" data-permalink=\"http:\/\/astrid-kruse.de\/?attachment_id=824\" data-orig-file=\"https:\/\/i0.wp.com\/astrid-kruse.de\/wp-content\/uploads\/2014\/03\/Malschulm\u00e4nnchen.jpg?fit=573%2C960\" data-orig-size=\"573,960\" data-comments-opened=\"1\" data-image-meta=\"{&quot;aperture&quot;:&quot;0&quot;,&quot;credit&quot;:&quot;&quot;,&quot;camera&quot;:&quot;&quot;,&quot;caption&quot;:&quot;&quot;,&quot;created_timestamp&quot;:&quot;1388793072&quot;,&quot;copyright&quot;:&quot;&quot;,&quot;focal_length&quot;:&quot;0&quot;,&quot;iso&quot;:&quot;0&quot;,&quot;shutter_speed&quot;:&quot;0&quot;,&quot;title&quot;:&quot;&quot;}\" data-image-title=\"Malschulm\u00e4nnchen f\u00fcr Kontakt\" data-image-description=\"\" data-image-caption=\"\" data-medium-file=\"https:\/\/i0.wp.com\/astrid-kruse.de\/wp-content\/uploads\/2014\/03\/Malschulm\u00e4nnchen.jpg?fit=179%2C300\" data-large-file=\"https:\/\/i0.wp.com\/astrid-kruse.de\/wp-content\/uploads\/2014\/03\/Malschulm\u00e4nnchen.jpg?fit=573%2C960\" decoding=\"async\" loading=\"lazy\" class=\"wp-image-824 alignright\" alt=\"Malschulm\u00e4nnchen f\u00fcr Kontakt\" src=\"https:\/\/i0.wp.com\/astrid-kruse.de\/wp-content\/uploads\/2014\/03\/Malschulm\u00e4nnchen.jpg?resize=143%2C240\" width=\"143\" height=\"240\" srcset=\"https:\/\/i0.wp.com\/astrid-kruse.de\/wp-content\/uploads\/2014\/03\/Malschulm\u00e4nnchen.jpg?resize=179%2C300 179w, https:\/\/i0.wp.com\/astrid-kruse.de\/wp-content\/uploads\/2014\/03\/Malschulm\u00e4nnchen.jpg?w=573 573w\" sizes=\"(max-width: 143px) 100vw, 143px\" data-recalc-dims=\"1\" \/><\/a>Wenn Sie Interesse an den Kursangeboten haben, k\u00f6nnen Sie sich gerne bei mir melden. Gerne stehe ich Ihnen auch f\u00fcr ein pers\u00f6nliches Gespr\u00e4ch zur \u00a0Verf\u00fcgung. Sie erreichen mich unter der Telefonnummer\u00a007425 \u2013 27 193\u00a0oder per Email <a href=\"mailto:astridkruse@gmx.de\">astridkruse@gmx.de<\/a>.<\/p>\n<p>Alternativ k\u00f6nnen Sie auch gerne online ein <a title=\"Kontaktformular\" href=\"http:\/\/astrid-kruse.de\/?page_id=106\">Kontaktformular<\/a> ausf\u00fcllen.<\/p>\n<p>&nbsp;<\/p>\n<h4>Standort:<\/h4>\n<p><iframe loading=\"lazy\" src=\"https:\/\/www.google.com\/maps\/embed?pb=!1m14!1m8!1m3!1d2666.395394672794!2d8.63611845!3d48.06401045!3m2!1i1024!2i768!4f13.1!3m3!1m2!1s0x479098bb4ea8eedb%3A0xd9de8e26288adaa2!2smalchule+astrid+kruse!5e0!3m2!1sen!2sde!4v1390579755051\" height=\"450\" width=\"600\" frameborder=\"0\"><\/iframe><\/p>\n","protected":false},"excerpt":{"rendered":"<p>Wenn Sie Interesse an den Kursangeboten haben, k\u00f6nnen Sie sich gerne bei mir melden. Gerne stehe ich Ihnen auch f\u00fcr ein pers\u00f6nliches Gespr\u00e4ch zur \u00a0Verf\u00fcgung. Sie erreichen mich unter der Telefonnummer\u00a007425 \u2013 27 193\u00a0oder per Email astridkruse@gmx.de. Alternativ k\u00f6nnen Sie &hellip; <a href=\"http:\/\/astrid-kruse.de\/?page_id=65\">Weiter<\/a><\/p>\n","protected":false},"author":1,"featured_media":0,"parent":0,"menu_order":0,"comment_status":"closed","ping_status":"open","template":"page-fullwidth.php","meta":[],"jetpack_sharing_enabled":true,"jetpack_shortlink":"https:\/\/wp.me\/P4hUDp-13","jetpack-related-posts":[{"id":106,"url":"http:\/\/astrid-kruse.de\/?page_id=106","url_meta":{"origin":65,"position":0},"title":"Kontaktformular","date":"Januar 26, 2014","format":false,"excerpt":"Sie k\u00f6nnen mir hier gerne Ihre Nachricht hinterlassen und ich werde mich bei Ihnen melden. Hinweise zur Verarbeitung Ihrer Angaben und Widerspruchsrechte: Datenschutzerkl\u00e4rung","rel":"","context":"\u00c4hnlicher Beitrag","img":{"alt_text":"","src":"","width":0,"height":0},"classes":[]},{"id":1733,"url":"http:\/\/astrid-kruse.de\/?page_id=1733","url_meta":{"origin":65,"position":1},"title":"Datenschutzerkl\u00e4rung","date":"Juni 25, 2018","format":false,"excerpt":"Diese Datenschutzerkl\u00e4rung kl\u00e4rt Sie \u00fcber die Art, den Umfang und Zweck der Verarbeitung von personenbezogenen Daten (nachfolgend kurz \u201eDaten\u201c) innerhalb unseres Onlineangebotes und der mit ihm verbundenen Webseiten, Funktionen und Inhalte sowie externen Onlinepr\u00e4senzen, wie z.B. unser Social Media Profile auf (nachfolgend gemeinsam bezeichnet als \u201eOnlineangebot\u201c). Im Hinblick auf die\u2026","rel":"","context":"\u00c4hnlicher Beitrag","img":{"alt_text":"","src":"","width":0,"height":0},"classes":[]},{"id":128,"url":"http:\/\/astrid-kruse.de\/?page_id=128","url_meta":{"origin":65,"position":2},"title":"Kurse f\u00fcr Kinder und Jugendliche","date":"Januar 26, 2014","format":false,"excerpt":"Die Kurse\u00a0 (12 Maltermine) f\u00fcr Kinder ab sechs Jahren und Jugendliche finden entsprechend ihrer Altersstufe an verschiedenen Nachmittagen einmal w\u00f6chentlich statt. Es gibt 60- und 90-min\u00fctige Kurse. 60min Kurs: 12 x 60 Minuten, \u20ac 134,50 inkl. Material 90min Kurs: 12 x 90 Minuten, \u20ac 169,80 inkl. Material Regelm\u00e4\u00dfig pr\u00e4sentieren wir\u2026","rel":"","context":"\u00c4hnlicher Beitrag","img":{"alt_text":"","src":"https:\/\/i0.wp.com\/astrid-kruse.de\/wp-content\/uploads\/2023\/09\/9E5F305A-0D57-4BEB-81C6-817FF753647F_1_105_c-e1694595856765.jpeg?resize=350%2C200","width":350,"height":200},"classes":[]},{"id":132,"url":"http:\/\/astrid-kruse.de\/?page_id=132","url_meta":{"origin":65,"position":3},"title":"Einzelunterricht","date":"Januar 26, 2014","format":false,"excerpt":"Einzelunterricht f\u00fcr Kinder und Jugendliche zur F\u00f6rderung der Feinmotorik bei Defiziten wie z.B. f\u00fcr Kinder, die in die erste Klasse kommen und noch Schwierigkeiten haben mit Stift, Pinsel & Co umzugehen zur Intensivf\u00f6rderung malbegeisterter Kinder und Jugendlicher als Begleitung und Anleitung zur Umsetzung eigener Ideen und Sujets \u00a0 Einzelunterricht f\u00fcr\u2026","rel":"","context":"\u00c4hnlicher Beitrag","img":{"alt_text":"","src":"","width":0,"height":0},"classes":[]},{"id":130,"url":"http:\/\/astrid-kruse.de\/?page_id=130","url_meta":{"origin":65,"position":4},"title":"Kurse f\u00fcr Erwachsene","date":"Januar 26, 2014","format":false,"excerpt":"Jeder K\u00fcnstler hat irgendwann einmal als Amateur angefangen. Ralph Waldo Emerson Sie m\u00f6chten anfangen zu malen und zu zeichnen, oder wieder einsteigen, Sie suchen Ideen und Anregungen oder wollen in Ihrem kreativen Prozess fortfahren? In freundlicher Atmosph\u00e4re und Schritt f\u00fcr Schritt erlernen Sie das Umsetzen von Bildern, das Experimentieren mit\u2026","rel":"","context":"\u00c4hnlicher Beitrag","img":{"alt_text":"","src":"","width":0,"height":0},"classes":[]},{"id":851,"url":"http:\/\/astrid-kruse.de\/","url_meta":{"origin":65,"position":5},"title":"Startseite","date":"M\u00e4rz 9, 2014","format":false,"excerpt":"Willkommen in der Malschule Astrid Kruse Mit einem vielf\u00e4ltigen Kursangebot und Informationen \u00fcber unsere Arbeit m\u00f6chte ich Sie in die Welt des Gestaltens hineinnehmen. Lassen Sie sich verzaubern von Formen und Farben.","rel":"","context":"\u00c4hnlicher Beitrag","img":{"alt_text":"","src":"","width":0,"height":0},"classes":[]}],"_links":{"self":[{"href":"http:\/\/astrid-kruse.de\/index.php?rest_route=\/wp\/v2\/pages\/65"}],"collection":[{"href":"http:\/\/astrid-kruse.de\/index.php?rest_route=\/wp\/v2\/pages"}],"about":[{"href":"http:\/\/astrid-kruse.de\/index.php?rest_route=\/wp\/v2\/types\/page"}],"author":[{"embeddable":true,"href":"http:\/\/astrid-kruse.de\/index.php?rest_route=\/wp\/v2\/users\/1"}],"replies":[{"embeddable":true,"href":"http:\/\/astrid-kruse.de\/index.php?rest_route=%2Fwp%2Fv2%2Fcomments&post=65"}],"version-history":[{"count":9,"href":"http:\/\/astrid-kruse.de\/index.php?rest_route=\/wp\/v2\/pages\/65\/revisions"}],"predecessor-version":[{"id":1160,"href":"http:\/\/astrid-kruse.de\/index.php?rest_route=\/wp\/v2\/pages\/65\/revisions\/1160"}],"wp:attachment":[{"href":"http:\/\/astrid-kruse.de\/index.php?rest_route=%2Fwp%2Fv2%2Fmedia&parent=65"}],"curies":[{"name":"wp","href":"https:\/\/api.w.org\/{rel}","templated":true}]}}