{"id":63,"date":"2014-01-25T20:25:31","date_gmt":"2014-01-25T20:25:31","guid":{"rendered":"http:\/\/astrid-kruse.de\/?page_id=63"},"modified":"2016-11-12T20:12:28","modified_gmt":"2016-11-12T20:12:28","slug":"atelier","status":"publish","type":"page","link":"http:\/\/astrid-kruse.de\/?page_id=63","title":{"rendered":"Atelier"},"content":{"rendered":"<blockquote><p><span style=\"color: #800080;\">Malen ist kein Problem;<\/span><\/p>\n<p><span style=\"color: #800080;\">das Problem ist,<\/span><\/p>\n<p><span style=\"color: #800080;\">was tun,<\/span><\/p>\n<p><span style=\"color: #800080;\">wenn man nicht malt.<\/span><\/p>\n<p><em><span style=\"color: #800080;\">Jackson Pollock\u00a0<\/span><\/em><\/p><\/blockquote>\n","protected":false},"excerpt":{"rendered":"<p>Malen ist kein Problem; das Problem ist, was tun, wenn man nicht malt. Jackson Pollock\u00a0<\/p>\n","protected":false},"author":1,"featured_media":0,"parent":0,"menu_order":0,"comment_status":"closed","ping_status":"closed","template":"page-portfolio.php","meta":[],"jetpack_sharing_enabled":true,"jetpack_shortlink":"https:\/\/wp.me\/P4hUDp-11","jetpack-related-posts":[{"id":146,"url":"http:\/\/astrid-kruse.de\/?page_id=146","url_meta":{"origin":63,"position":0},"title":"Astrid Kruse","date":"Januar 26, 2014","format":false,"excerpt":"Der Mensch, das Augenwesen, braucht ein Bild. Leonardo da Vinci Als K\u00fcnstlerin wie auch als ausgebildete und langj\u00e4hrig praktizierende Heilpraktikerin, mit Ausbildung in Gestaltungstherapie und Altenpflege, habe ich einen umfassenden Blick auf sch\u00f6pferisches Tun und kreative Prozesse. Kunst ist mehr, als Bilder zu malen. Kunst findet zuerst in jedem Malenden\u2026","rel":"","context":"\u00c4hnlicher Beitrag","img":{"alt_text":"","src":"https:\/\/i0.wp.com\/astrid-kruse.de\/wp-content\/uploads\/2017\/03\/Astrid-1-225x300.jpg?resize=350%2C200","width":350,"height":200},"classes":[]},{"id":1733,"url":"http:\/\/astrid-kruse.de\/?page_id=1733","url_meta":{"origin":63,"position":1},"title":"Datenschutzerkl\u00e4rung","date":"Juni 25, 2018","format":false,"excerpt":"Diese Datenschutzerkl\u00e4rung kl\u00e4rt Sie \u00fcber die Art, den Umfang und Zweck der Verarbeitung von personenbezogenen Daten (nachfolgend kurz \u201eDaten\u201c) innerhalb unseres Onlineangebotes und der mit ihm verbundenen Webseiten, Funktionen und Inhalte sowie externen Onlinepr\u00e4senzen, wie z.B. unser Social Media Profile auf (nachfolgend gemeinsam bezeichnet als \u201eOnlineangebot\u201c). Im Hinblick auf die\u2026","rel":"","context":"\u00c4hnlicher Beitrag","img":{"alt_text":"","src":"","width":0,"height":0},"classes":[]},{"id":24,"url":"http:\/\/astrid-kruse.de\/?page_id=24","url_meta":{"origin":63,"position":2},"title":"Kurse","date":"Januar 24, 2014","format":false,"excerpt":"Als Kind ist jeder ein K\u00fcnstler. Die Schwierigkeit liegt darin, als Erwachsener einer zu bleiben. Pablo Picasso In kleinen Gruppen erf\u00e4hrt jeder einzelne Teilnehmer gen\u00fcgend Raum und Aufmerksamkeit, um sein Werk entstehen zu lassen. So wird Individualit\u00e4t und Selbstwertgef\u00fchl gef\u00f6rdert, Konzentration gest\u00e4rkt und der Sinn f\u00fcr Kunst und \u00c4sthetik sensibilisiert.\u2026","rel":"","context":"\u00c4hnlicher Beitrag","img":{"alt_text":"","src":"","width":0,"height":0},"classes":[]},{"id":130,"url":"http:\/\/astrid-kruse.de\/?page_id=130","url_meta":{"origin":63,"position":3},"title":"Kurse f\u00fcr Erwachsene","date":"Januar 26, 2014","format":false,"excerpt":"Jeder K\u00fcnstler hat irgendwann einmal als Amateur angefangen. Ralph Waldo Emerson Sie m\u00f6chten anfangen zu malen und zu zeichnen, oder wieder einsteigen, Sie suchen Ideen und Anregungen oder wollen in Ihrem kreativen Prozess fortfahren? In freundlicher Atmosph\u00e4re und Schritt f\u00fcr Schritt erlernen Sie das Umsetzen von Bildern, das Experimentieren mit\u2026","rel":"","context":"\u00c4hnlicher Beitrag","img":{"alt_text":"","src":"","width":0,"height":0},"classes":[]},{"id":128,"url":"http:\/\/astrid-kruse.de\/?page_id=128","url_meta":{"origin":63,"position":4},"title":"Kurse f\u00fcr Kinder und Jugendliche","date":"Januar 26, 2014","format":false,"excerpt":"Die Kurse\u00a0 (12 Maltermine) f\u00fcr Kinder ab sechs Jahren und Jugendliche finden entsprechend ihrer Altersstufe an verschiedenen Nachmittagen einmal w\u00f6chentlich statt. Es gibt 60- und 90-min\u00fctige Kurse. 60min Kurs: 12 x 60 Minuten, \u20ac 134,50 inkl. Material 90min Kurs: 12 x 90 Minuten, \u20ac 169,80 inkl. Material Regelm\u00e4\u00dfig pr\u00e4sentieren wir\u2026","rel":"","context":"\u00c4hnlicher Beitrag","img":{"alt_text":"","src":"https:\/\/i0.wp.com\/astrid-kruse.de\/wp-content\/uploads\/2023\/09\/9E5F305A-0D57-4BEB-81C6-817FF753647F_1_105_c-e1694595856765.jpeg?resize=350%2C200","width":350,"height":200},"classes":[]},{"id":21,"url":"http:\/\/astrid-kruse.de\/?page_id=21","url_meta":{"origin":63,"position":5},"title":"Malschule","date":"Januar 24, 2014","format":false,"excerpt":"Um ein guter Maler zu sein, braucht es vier Dinge: Weiches Herz, feines Auge, leichte Hand und immer frisch gewaschene Pinsel. Anselm Feuerbach, dt. Maler Die Pinsel sind gewaschen, die Stifte gespitzt \u2013 es kann losgehen! In der Malschule bietet sich ein gesch\u00fctzter Raum, um kreativen Ideen nachzugehen, die n\u00e4chste\u2026","rel":"","context":"\u00c4hnlicher Beitrag","img":{"alt_text":"","src":"https:\/\/i0.wp.com\/astrid-kruse.de\/wp-content\/uploads\/2014\/01\/Farben-mehr1-300x224.jpg?resize=350%2C200","width":350,"height":200},"classes":[]}],"_links":{"self":[{"href":"http:\/\/astrid-kruse.de\/index.php?rest_route=\/wp\/v2\/pages\/63"}],"collection":[{"href":"http:\/\/astrid-kruse.de\/index.php?rest_route=\/wp\/v2\/pages"}],"about":[{"href":"http:\/\/astrid-kruse.de\/index.php?rest_route=\/wp\/v2\/types\/page"}],"author":[{"embeddable":true,"href":"http:\/\/astrid-kruse.de\/index.php?rest_route=\/wp\/v2\/users\/1"}],"replies":[{"embeddable":true,"href":"http:\/\/astrid-kruse.de\/index.php?rest_route=%2Fwp%2Fv2%2Fcomments&post=63"}],"version-history":[{"count":8,"href":"http:\/\/astrid-kruse.de\/index.php?rest_route=\/wp\/v2\/pages\/63\/revisions"}],"predecessor-version":[{"id":1525,"href":"http:\/\/astrid-kruse.de\/index.php?rest_route=\/wp\/v2\/pages\/63\/revisions\/1525"}],"wp:attachment":[{"href":"http:\/\/astrid-kruse.de\/index.php?rest_route=%2Fwp%2Fv2%2Fmedia&parent=63"}],"curies":[{"name":"wp","href":"https:\/\/api.w.org\/{rel}","templated":true}]}}