{"id":24,"date":"2014-01-24T16:46:33","date_gmt":"2014-01-24T16:46:33","guid":{"rendered":"http:\/\/astrid-kruse.de\/?page_id=24"},"modified":"2023-09-13T09:33:57","modified_gmt":"2023-09-13T09:33:57","slug":"kursangebote","status":"publish","type":"page","link":"http:\/\/astrid-kruse.de\/?page_id=24","title":{"rendered":"Kurse"},"content":{"rendered":"<blockquote><p><a href=\"https:\/\/i0.wp.com\/astrid-kruse.de\/wp-content\/uploads\/2023\/09\/B4084D1F-7E68-4489-94B7-AE76C46BAF09_1_105_c-e1694596302524.jpeg\"><img data-attachment-id=\"2064\" data-permalink=\"http:\/\/astrid-kruse.de\/?attachment_id=2064\" data-orig-file=\"https:\/\/i0.wp.com\/astrid-kruse.de\/wp-content\/uploads\/2023\/09\/B4084D1F-7E68-4489-94B7-AE76C46BAF09_1_105_c-e1694596302524.jpeg?fit=700%2C525\" data-orig-size=\"700,525\" data-comments-opened=\"1\" data-image-meta=\"{&quot;aperture&quot;:&quot;1.8&quot;,&quot;credit&quot;:&quot;&quot;,&quot;camera&quot;:&quot;iPhone SE (2nd generation)&quot;,&quot;caption&quot;:&quot;&quot;,&quot;created_timestamp&quot;:&quot;1641836857&quot;,&quot;copyright&quot;:&quot;&quot;,&quot;focal_length&quot;:&quot;3.99&quot;,&quot;iso&quot;:&quot;40&quot;,&quot;shutter_speed&quot;:&quot;0.02&quot;,&quot;title&quot;:&quot;&quot;,&quot;orientation&quot;:&quot;1&quot;}\" data-image-title=\"B4084D1F-7E68-4489-94B7-AE76C46BAF09_1_105_c\" data-image-description=\"\" data-image-caption=\"\" data-medium-file=\"https:\/\/i0.wp.com\/astrid-kruse.de\/wp-content\/uploads\/2023\/09\/B4084D1F-7E68-4489-94B7-AE76C46BAF09_1_105_c-e1694596302524.jpeg?fit=300%2C225\" data-large-file=\"https:\/\/i0.wp.com\/astrid-kruse.de\/wp-content\/uploads\/2023\/09\/B4084D1F-7E68-4489-94B7-AE76C46BAF09_1_105_c-e1694596302524.jpeg?fit=700%2C525\" decoding=\"async\" loading=\"lazy\" class=\"wp-image-2064 alignright\" src=\"https:\/\/i0.wp.com\/astrid-kruse.de\/wp-content\/uploads\/2023\/09\/B4084D1F-7E68-4489-94B7-AE76C46BAF09_1_105_c-e1694596302524.jpeg?resize=238%2C179\" alt=\"\" width=\"238\" height=\"179\" srcset=\"https:\/\/i0.wp.com\/astrid-kruse.de\/wp-content\/uploads\/2023\/09\/B4084D1F-7E68-4489-94B7-AE76C46BAF09_1_105_c-e1694596302524.jpeg?w=700 700w, https:\/\/i0.wp.com\/astrid-kruse.de\/wp-content\/uploads\/2023\/09\/B4084D1F-7E68-4489-94B7-AE76C46BAF09_1_105_c-e1694596302524.jpeg?resize=300%2C225 300w\" sizes=\"(max-width: 238px) 100vw, 238px\" data-recalc-dims=\"1\" \/><\/a><span style=\"color: #993366;\">Als Kind ist jeder ein K\u00fcnstler.<\/span><\/p>\n<p><span style=\"color: #993366;\">Die Schwierigkeit liegt darin,<\/span><\/p>\n<p><span style=\"color: #993366;\">als Erwachsener einer zu bleiben.<\/span><\/p>\n<p><em><span style=\"color: #993366;\">Pablo Picasso<\/span><\/em><\/p><\/blockquote>\n<p>In kleinen Gruppen erf\u00e4hrt jeder einzelne Teilnehmer gen\u00fcgend Raum und Aufmerksamkeit, um sein Werk entstehen zu lassen. So wird Individualit\u00e4t und Selbstwertgef\u00fchl gef\u00f6rdert, Konzentration gest\u00e4rkt und der Sinn f\u00fcr Kunst und \u00c4sthetik sensibilisiert. Ohne Leistungsdruck und Bewertung zu erfahren, lernen die Teilnehmer den Umgang mit verschiedenen Materialien und Techniken.<\/p>\n<p><a href=\"https:\/\/i0.wp.com\/astrid-kruse.de\/wp-content\/uploads\/2023\/09\/356D13F2-69A4-4598-8E13-ADB84AFE0090_1_105_c-e1694597312325.jpeg\"><img data-attachment-id=\"2076\" data-permalink=\"http:\/\/astrid-kruse.de\/?attachment_id=2076\" data-orig-file=\"https:\/\/i0.wp.com\/astrid-kruse.de\/wp-content\/uploads\/2023\/09\/356D13F2-69A4-4598-8E13-ADB84AFE0090_1_105_c-e1694597312325.jpeg?fit=491%2C700\" data-orig-size=\"491,700\" data-comments-opened=\"1\" data-image-meta=\"{&quot;aperture&quot;:&quot;1.8&quot;,&quot;credit&quot;:&quot;&quot;,&quot;camera&quot;:&quot;iPhone SE (2nd generation)&quot;,&quot;caption&quot;:&quot;&quot;,&quot;created_timestamp&quot;:&quot;1651681713&quot;,&quot;copyright&quot;:&quot;&quot;,&quot;focal_length&quot;:&quot;3.99&quot;,&quot;iso&quot;:&quot;80&quot;,&quot;shutter_speed&quot;:&quot;0.01&quot;,&quot;title&quot;:&quot;&quot;,&quot;orientation&quot;:&quot;1&quot;}\" data-image-title=\"356D13F2-69A4-4598-8E13-ADB84AFE0090_1_105_c\" data-image-description=\"\" data-image-caption=\"\" data-medium-file=\"https:\/\/i0.wp.com\/astrid-kruse.de\/wp-content\/uploads\/2023\/09\/356D13F2-69A4-4598-8E13-ADB84AFE0090_1_105_c-e1694597312325.jpeg?fit=210%2C300\" data-large-file=\"https:\/\/i0.wp.com\/astrid-kruse.de\/wp-content\/uploads\/2023\/09\/356D13F2-69A4-4598-8E13-ADB84AFE0090_1_105_c-e1694597312325.jpeg?fit=718%2C1024\" decoding=\"async\" loading=\"lazy\" class=\"wp-image-2076 alignright\" src=\"https:\/\/i0.wp.com\/astrid-kruse.de\/wp-content\/uploads\/2023\/09\/356D13F2-69A4-4598-8E13-ADB84AFE0090_1_105_c-e1694597312325.jpeg?resize=177%2C252\" alt=\"\" width=\"177\" height=\"252\" srcset=\"https:\/\/i0.wp.com\/astrid-kruse.de\/wp-content\/uploads\/2023\/09\/356D13F2-69A4-4598-8E13-ADB84AFE0090_1_105_c-e1694597312325.jpeg?w=491 491w, https:\/\/i0.wp.com\/astrid-kruse.de\/wp-content\/uploads\/2023\/09\/356D13F2-69A4-4598-8E13-ADB84AFE0090_1_105_c-e1694597312325.jpeg?resize=210%2C300 210w\" sizes=\"(max-width: 177px) 100vw, 177px\" data-recalc-dims=\"1\" \/><\/a><\/p>\n<p>Die Themen sind vielf\u00e4ltig \u2013 streng figurale Themen wechseln sich mit phantasievollen Ausarbeitungen ab\u00a0und gew\u00e4hrleisten neben dem Lerneffekt einen individuellen Selbstausdruck.<\/p>\n<p>Die Freude am kreativen und sch\u00f6pferischen Prozess ist Ausgangspunkt und Ziel.<\/p>\n<p>Zur weiteren Information klicken Sie bitte auf die entsprechenden Kurse:<\/p>\n<ul>\n<li><a href=\"http:\/\/astrid-kruse.de\/?page_id=128\">Kurse f\u00fcr Kinder und Jugendliche<\/a><\/li>\n<li><a href=\"http:\/\/astrid-kruse.de\/?page_id=130\">Kurse f\u00fcr Erwachsene<\/a><\/li>\n<li><a href=\"http:\/\/astrid-kruse.de\/?page_id=132\">Einzelunterricht<\/a><\/li>\n<li><a href=\"http:\/\/astrid-kruse.de\/?page_id=132\">Begleitetes Malen \u2013 Gestaltungstherapie<\/a><\/li>\n<\/ul>\n","protected":false},"excerpt":{"rendered":"<p>Als Kind ist jeder ein K\u00fcnstler. Die Schwierigkeit liegt darin, als Erwachsener einer zu bleiben. Pablo Picasso In kleinen Gruppen erf\u00e4hrt jeder einzelne Teilnehmer gen\u00fcgend Raum und Aufmerksamkeit, um sein Werk entstehen zu lassen. So wird Individualit\u00e4t und Selbstwertgef\u00fchl gef\u00f6rdert, &hellip; <a href=\"http:\/\/astrid-kruse.de\/?page_id=24\">Weiter<\/a><\/p>\n","protected":false},"author":1,"featured_media":0,"parent":0,"menu_order":0,"comment_status":"closed","ping_status":"open","template":"page-fullwidth.php","meta":[],"jetpack_sharing_enabled":true,"jetpack_shortlink":"https:\/\/wp.me\/P4hUDp-o","jetpack-related-posts":[{"id":130,"url":"http:\/\/astrid-kruse.de\/?page_id=130","url_meta":{"origin":24,"position":0},"title":"Kurse f\u00fcr Erwachsene","date":"Januar 26, 2014","format":false,"excerpt":"Jeder K\u00fcnstler hat irgendwann einmal als Amateur angefangen. Ralph Waldo Emerson Sie m\u00f6chten anfangen zu malen und zu zeichnen, oder wieder einsteigen, Sie suchen Ideen und Anregungen oder wollen in Ihrem kreativen Prozess fortfahren? In freundlicher Atmosph\u00e4re und Schritt f\u00fcr Schritt erlernen Sie das Umsetzen von Bildern, das Experimentieren mit\u2026","rel":"","context":"\u00c4hnlicher Beitrag","img":{"alt_text":"","src":"","width":0,"height":0},"classes":[]},{"id":132,"url":"http:\/\/astrid-kruse.de\/?page_id=132","url_meta":{"origin":24,"position":1},"title":"Einzelunterricht","date":"Januar 26, 2014","format":false,"excerpt":"Einzelunterricht f\u00fcr Kinder und Jugendliche zur F\u00f6rderung der Feinmotorik bei Defiziten wie z.B. f\u00fcr Kinder, die in die erste Klasse kommen und noch Schwierigkeiten haben mit Stift, Pinsel & Co umzugehen zur Intensivf\u00f6rderung malbegeisterter Kinder und Jugendlicher als Begleitung und Anleitung zur Umsetzung eigener Ideen und Sujets \u00a0 Einzelunterricht f\u00fcr\u2026","rel":"","context":"\u00c4hnlicher Beitrag","img":{"alt_text":"","src":"","width":0,"height":0},"classes":[]},{"id":1733,"url":"http:\/\/astrid-kruse.de\/?page_id=1733","url_meta":{"origin":24,"position":2},"title":"Datenschutzerkl\u00e4rung","date":"Juni 25, 2018","format":false,"excerpt":"Diese Datenschutzerkl\u00e4rung kl\u00e4rt Sie \u00fcber die Art, den Umfang und Zweck der Verarbeitung von personenbezogenen Daten (nachfolgend kurz \u201eDaten\u201c) innerhalb unseres Onlineangebotes und der mit ihm verbundenen Webseiten, Funktionen und Inhalte sowie externen Onlinepr\u00e4senzen, wie z.B. unser Social Media Profile auf (nachfolgend gemeinsam bezeichnet als \u201eOnlineangebot\u201c). Im Hinblick auf die\u2026","rel":"","context":"\u00c4hnlicher Beitrag","img":{"alt_text":"","src":"","width":0,"height":0},"classes":[]},{"id":146,"url":"http:\/\/astrid-kruse.de\/?page_id=146","url_meta":{"origin":24,"position":3},"title":"Astrid Kruse","date":"Januar 26, 2014","format":false,"excerpt":"Der Mensch, das Augenwesen, braucht ein Bild. Leonardo da Vinci Als K\u00fcnstlerin wie auch als ausgebildete und langj\u00e4hrig praktizierende Heilpraktikerin, mit Ausbildung in Gestaltungstherapie und Altenpflege, habe ich einen umfassenden Blick auf sch\u00f6pferisches Tun und kreative Prozesse. Kunst ist mehr, als Bilder zu malen. Kunst findet zuerst in jedem Malenden\u2026","rel":"","context":"\u00c4hnlicher Beitrag","img":{"alt_text":"","src":"https:\/\/i0.wp.com\/astrid-kruse.de\/wp-content\/uploads\/2017\/03\/Astrid-1-225x300.jpg?resize=350%2C200","width":350,"height":200},"classes":[]},{"id":21,"url":"http:\/\/astrid-kruse.de\/?page_id=21","url_meta":{"origin":24,"position":4},"title":"Malschule","date":"Januar 24, 2014","format":false,"excerpt":"Um ein guter Maler zu sein, braucht es vier Dinge: Weiches Herz, feines Auge, leichte Hand und immer frisch gewaschene Pinsel. Anselm Feuerbach, dt. Maler Die Pinsel sind gewaschen, die Stifte gespitzt \u2013 es kann losgehen! In der Malschule bietet sich ein gesch\u00fctzter Raum, um kreativen Ideen nachzugehen, die n\u00e4chste\u2026","rel":"","context":"\u00c4hnlicher Beitrag","img":{"alt_text":"","src":"https:\/\/i0.wp.com\/astrid-kruse.de\/wp-content\/uploads\/2014\/01\/Farben-mehr1-300x224.jpg?resize=350%2C200","width":350,"height":200},"classes":[]},{"id":128,"url":"http:\/\/astrid-kruse.de\/?page_id=128","url_meta":{"origin":24,"position":5},"title":"Kurse f\u00fcr Kinder und Jugendliche","date":"Januar 26, 2014","format":false,"excerpt":"Die Kurse\u00a0 (12 Maltermine) f\u00fcr Kinder ab sechs Jahren und Jugendliche finden entsprechend ihrer Altersstufe an verschiedenen Nachmittagen einmal w\u00f6chentlich statt. Es gibt 60- und 90-min\u00fctige Kurse. 60min Kurs: 12 x 60 Minuten, \u20ac 134,50 inkl. Material 90min Kurs: 12 x 90 Minuten, \u20ac 169,80 inkl. Material Regelm\u00e4\u00dfig pr\u00e4sentieren wir\u2026","rel":"","context":"\u00c4hnlicher Beitrag","img":{"alt_text":"","src":"https:\/\/i0.wp.com\/astrid-kruse.de\/wp-content\/uploads\/2023\/09\/9E5F305A-0D57-4BEB-81C6-817FF753647F_1_105_c-e1694595856765.jpeg?resize=350%2C200","width":350,"height":200},"classes":[]}],"_links":{"self":[{"href":"http:\/\/astrid-kruse.de\/index.php?rest_route=\/wp\/v2\/pages\/24"}],"collection":[{"href":"http:\/\/astrid-kruse.de\/index.php?rest_route=\/wp\/v2\/pages"}],"about":[{"href":"http:\/\/astrid-kruse.de\/index.php?rest_route=\/wp\/v2\/types\/page"}],"author":[{"embeddable":true,"href":"http:\/\/astrid-kruse.de\/index.php?rest_route=\/wp\/v2\/users\/1"}],"replies":[{"embeddable":true,"href":"http:\/\/astrid-kruse.de\/index.php?rest_route=%2Fwp%2Fv2%2Fcomments&post=24"}],"version-history":[{"count":23,"href":"http:\/\/astrid-kruse.de\/index.php?rest_route=\/wp\/v2\/pages\/24\/revisions"}],"predecessor-version":[{"id":2078,"href":"http:\/\/astrid-kruse.de\/index.php?rest_route=\/wp\/v2\/pages\/24\/revisions\/2078"}],"wp:attachment":[{"href":"http:\/\/astrid-kruse.de\/index.php?rest_route=%2Fwp%2Fv2%2Fmedia&parent=24"}],"curies":[{"name":"wp","href":"https:\/\/api.w.org\/{rel}","templated":true}]}}