{"id":21,"date":"2014-01-24T16:44:59","date_gmt":"2014-01-24T16:44:59","guid":{"rendered":"http:\/\/astrid-kruse.de\/?page_id=21"},"modified":"2023-09-13T09:16:45","modified_gmt":"2023-09-13T09:16:45","slug":"malschule","status":"publish","type":"page","link":"http:\/\/astrid-kruse.de\/?page_id=21","title":{"rendered":"Malschule"},"content":{"rendered":"<blockquote><p><img data-attachment-id=\"438\" data-permalink=\"http:\/\/astrid-kruse.de\/?attachment_id=438\" data-orig-file=\"https:\/\/i0.wp.com\/astrid-kruse.de\/wp-content\/uploads\/2014\/01\/Farben-mehr1.jpg?fit=2288%2C1712\" data-orig-size=\"2288,1712\" data-comments-opened=\"1\" data-image-meta=\"{&quot;aperture&quot;:&quot;2.8&quot;,&quot;credit&quot;:&quot;&quot;,&quot;camera&quot;:&quot;C750UZ&quot;,&quot;caption&quot;:&quot;&quot;,&quot;created_timestamp&quot;:&quot;1388845603&quot;,&quot;copyright&quot;:&quot;&quot;,&quot;focal_length&quot;:&quot;6.3&quot;,&quot;iso&quot;:&quot;181&quot;,&quot;shutter_speed&quot;:&quot;0.033333333333333&quot;,&quot;title&quot;:&quot;OLYMPUS DIGITAL CAMERA&quot;}\" data-image-title=\"OLYMPUS DIGITAL CAMERA\" data-image-description=\"\" data-image-caption=\"\" data-medium-file=\"https:\/\/i0.wp.com\/astrid-kruse.de\/wp-content\/uploads\/2014\/01\/Farben-mehr1.jpg?fit=300%2C224\" data-large-file=\"https:\/\/i0.wp.com\/astrid-kruse.de\/wp-content\/uploads\/2014\/01\/Farben-mehr1.jpg?fit=1024%2C766\" decoding=\"async\" loading=\"lazy\" class=\"alignright wp-image-438 size-medium\" src=\"https:\/\/i0.wp.com\/astrid-kruse.de\/wp-content\/uploads\/2014\/01\/Farben-mehr1.jpg?resize=300%2C224\" alt=\"OLYMPUS DIGITAL CAMERA\" width=\"300\" height=\"224\" srcset=\"https:\/\/i0.wp.com\/astrid-kruse.de\/wp-content\/uploads\/2014\/01\/Farben-mehr1.jpg?resize=300%2C224 300w, https:\/\/i0.wp.com\/astrid-kruse.de\/wp-content\/uploads\/2014\/01\/Farben-mehr1.jpg?resize=1024%2C766 1024w, https:\/\/i0.wp.com\/astrid-kruse.de\/wp-content\/uploads\/2014\/01\/Farben-mehr1.jpg?w=2280 2280w\" sizes=\"(max-width: 300px) 100vw, 300px\" data-recalc-dims=\"1\" \/><span style=\"color: #800080;\">Um ein guter Maler zu sein, braucht es vier Dinge:<\/span><\/p>\n<p><span style=\"color: #800080;\">Weiches Herz, feines Auge, leichte Hand<\/span><\/p>\n<p><span style=\"color: #800080;\">und immer frisch gewaschene Pinsel.<\/span><\/p>\n<p><span style=\"color: #800080;\"><em>Anselm Feuerbach, dt. Maler<\/em><\/span><\/p><\/blockquote>\n<p>Die Pinsel sind gewaschen, die Stifte gespitzt \u2013 es kann losgehen!<\/p>\n<p style=\"text-align: left;\">In der Malschule bietet sich ein gesch\u00fctzter Raum, um kreativen Ideen nachzugehen, die n\u00e4chste Schritte im sch\u00f6pferischen Tun zu verwirklichen, neue malerische Herausforderungen anzunehmen und sich auf die Suche nach Formen und Farben zu machen.\u00a0Begleitet von didaktische Konzepten und Schritt-f\u00fcr-Schritt Entwicklungen entstehen die eigenen Kunstwerke. Vorkenntnisse sind nicht n\u00f6tig.<\/p>\n<p><a href=\"https:\/\/i0.wp.com\/astrid-kruse.de\/wp-content\/uploads\/2023\/09\/CCED0A92-0463-4B5C-9150-391584D15173_1_105_c-e1694595882620.jpeg\"><img data-attachment-id=\"2060\" data-permalink=\"http:\/\/astrid-kruse.de\/?attachment_id=2060\" data-orig-file=\"https:\/\/i0.wp.com\/astrid-kruse.de\/wp-content\/uploads\/2023\/09\/CCED0A92-0463-4B5C-9150-391584D15173_1_105_c-e1694595882620.jpeg?fit=700%2C525\" data-orig-size=\"700,525\" data-comments-opened=\"1\" data-image-meta=\"{&quot;aperture&quot;:&quot;1.8&quot;,&quot;credit&quot;:&quot;&quot;,&quot;camera&quot;:&quot;iPhone SE (2nd generation)&quot;,&quot;caption&quot;:&quot;&quot;,&quot;created_timestamp&quot;:&quot;1637166238&quot;,&quot;copyright&quot;:&quot;&quot;,&quot;focal_length&quot;:&quot;3.99&quot;,&quot;iso&quot;:&quot;80&quot;,&quot;shutter_speed&quot;:&quot;0.02&quot;,&quot;title&quot;:&quot;&quot;,&quot;orientation&quot;:&quot;1&quot;}\" data-image-title=\"CCED0A92-0463-4B5C-9150-391584D15173_1_105_c\" data-image-description=\"\" data-image-caption=\"\" data-medium-file=\"https:\/\/i0.wp.com\/astrid-kruse.de\/wp-content\/uploads\/2023\/09\/CCED0A92-0463-4B5C-9150-391584D15173_1_105_c-e1694595882620.jpeg?fit=300%2C225\" data-large-file=\"https:\/\/i0.wp.com\/astrid-kruse.de\/wp-content\/uploads\/2023\/09\/CCED0A92-0463-4B5C-9150-391584D15173_1_105_c-e1694595882620.jpeg?fit=700%2C525\" decoding=\"async\" loading=\"lazy\" class=\"wp-image-2060 size-medium alignright\" src=\"https:\/\/i0.wp.com\/astrid-kruse.de\/wp-content\/uploads\/2023\/09\/CCED0A92-0463-4B5C-9150-391584D15173_1_105_c-e1694595882620-300x225.jpeg?resize=300%2C225\" alt=\"\" width=\"300\" height=\"225\" srcset=\"https:\/\/i0.wp.com\/astrid-kruse.de\/wp-content\/uploads\/2023\/09\/CCED0A92-0463-4B5C-9150-391584D15173_1_105_c-e1694595882620.jpeg?resize=300%2C225 300w, https:\/\/i0.wp.com\/astrid-kruse.de\/wp-content\/uploads\/2023\/09\/CCED0A92-0463-4B5C-9150-391584D15173_1_105_c-e1694595882620.jpeg?w=700 700w\" sizes=\"(max-width: 300px) 100vw, 300px\" data-recalc-dims=\"1\" \/><\/a><\/p>\n","protected":false},"excerpt":{"rendered":"<p>Um ein guter Maler zu sein, braucht es vier Dinge: Weiches Herz, feines Auge, leichte Hand und immer frisch gewaschene Pinsel. Anselm Feuerbach, dt. Maler Die Pinsel sind gewaschen, die Stifte gespitzt \u2013 es kann losgehen! In der Malschule bietet &hellip; <a href=\"http:\/\/astrid-kruse.de\/?page_id=21\">Weiter<\/a><\/p>\n","protected":false},"author":1,"featured_media":0,"parent":0,"menu_order":0,"comment_status":"closed","ping_status":"open","template":"page-fullwidth.php","meta":[],"jetpack_sharing_enabled":true,"jetpack_shortlink":"https:\/\/wp.me\/P4hUDp-l","jetpack-related-posts":[{"id":132,"url":"http:\/\/astrid-kruse.de\/?page_id=132","url_meta":{"origin":21,"position":0},"title":"Einzelunterricht","date":"Januar 26, 2014","format":false,"excerpt":"Einzelunterricht f\u00fcr Kinder und Jugendliche zur F\u00f6rderung der Feinmotorik bei Defiziten wie z.B. f\u00fcr Kinder, die in die erste Klasse kommen und noch Schwierigkeiten haben mit Stift, Pinsel & Co umzugehen zur Intensivf\u00f6rderung malbegeisterter Kinder und Jugendlicher als Begleitung und Anleitung zur Umsetzung eigener Ideen und Sujets \u00a0 Einzelunterricht f\u00fcr\u2026","rel":"","context":"\u00c4hnlicher Beitrag","img":{"alt_text":"","src":"","width":0,"height":0},"classes":[]},{"id":851,"url":"http:\/\/astrid-kruse.de\/","url_meta":{"origin":21,"position":1},"title":"Startseite","date":"M\u00e4rz 9, 2014","format":false,"excerpt":"Willkommen in der Malschule Astrid Kruse Mit einem vielf\u00e4ltigen Kursangebot und Informationen \u00fcber unsere Arbeit m\u00f6chte ich Sie in die Welt des Gestaltens hineinnehmen. Lassen Sie sich verzaubern von Formen und Farben.","rel":"","context":"\u00c4hnlicher Beitrag","img":{"alt_text":"","src":"","width":0,"height":0},"classes":[]},{"id":99,"url":"http:\/\/astrid-kruse.de\/?page_id=99","url_meta":{"origin":21,"position":2},"title":"Projekte","date":"Januar 26, 2014","format":false,"excerpt":"Projekte der Malschule mit Kooperationspartnern in der Region.","rel":"","context":"\u00c4hnlicher Beitrag","img":{"alt_text":"","src":"","width":0,"height":0},"classes":[]},{"id":109,"url":"http:\/\/astrid-kruse.de\/?page_id=109","url_meta":{"origin":21,"position":3},"title":"Standort","date":"Januar 26, 2014","format":false,"excerpt":"Malschule Astrid Kruse Auf G\u00f6lten 40 78647 Trossingen \u00a0 Telefon : 07425 - 27 193 Email: \u00a0 \u00a0astridkruse@gmx.de","rel":"","context":"\u00c4hnlicher Beitrag","img":{"alt_text":"","src":"","width":0,"height":0},"classes":[]},{"id":130,"url":"http:\/\/astrid-kruse.de\/?page_id=130","url_meta":{"origin":21,"position":4},"title":"Kurse f\u00fcr Erwachsene","date":"Januar 26, 2014","format":false,"excerpt":"Jeder K\u00fcnstler hat irgendwann einmal als Amateur angefangen. Ralph Waldo Emerson Sie m\u00f6chten anfangen zu malen und zu zeichnen, oder wieder einsteigen, Sie suchen Ideen und Anregungen oder wollen in Ihrem kreativen Prozess fortfahren? In freundlicher Atmosph\u00e4re und Schritt f\u00fcr Schritt erlernen Sie das Umsetzen von Bildern, das Experimentieren mit\u2026","rel":"","context":"\u00c4hnlicher Beitrag","img":{"alt_text":"","src":"","width":0,"height":0},"classes":[]},{"id":24,"url":"http:\/\/astrid-kruse.de\/?page_id=24","url_meta":{"origin":21,"position":5},"title":"Kurse","date":"Januar 24, 2014","format":false,"excerpt":"Als Kind ist jeder ein K\u00fcnstler. Die Schwierigkeit liegt darin, als Erwachsener einer zu bleiben. Pablo Picasso In kleinen Gruppen erf\u00e4hrt jeder einzelne Teilnehmer gen\u00fcgend Raum und Aufmerksamkeit, um sein Werk entstehen zu lassen. So wird Individualit\u00e4t und Selbstwertgef\u00fchl gef\u00f6rdert, Konzentration gest\u00e4rkt und der Sinn f\u00fcr Kunst und \u00c4sthetik sensibilisiert.\u2026","rel":"","context":"\u00c4hnlicher Beitrag","img":{"alt_text":"","src":"","width":0,"height":0},"classes":[]}],"_links":{"self":[{"href":"http:\/\/astrid-kruse.de\/index.php?rest_route=\/wp\/v2\/pages\/21"}],"collection":[{"href":"http:\/\/astrid-kruse.de\/index.php?rest_route=\/wp\/v2\/pages"}],"about":[{"href":"http:\/\/astrid-kruse.de\/index.php?rest_route=\/wp\/v2\/types\/page"}],"author":[{"embeddable":true,"href":"http:\/\/astrid-kruse.de\/index.php?rest_route=\/wp\/v2\/users\/1"}],"replies":[{"embeddable":true,"href":"http:\/\/astrid-kruse.de\/index.php?rest_route=%2Fwp%2Fv2%2Fcomments&post=21"}],"version-history":[{"count":25,"href":"http:\/\/astrid-kruse.de\/index.php?rest_route=\/wp\/v2\/pages\/21\/revisions"}],"predecessor-version":[{"id":2070,"href":"http:\/\/astrid-kruse.de\/index.php?rest_route=\/wp\/v2\/pages\/21\/revisions\/2070"}],"wp:attachment":[{"href":"http:\/\/astrid-kruse.de\/index.php?rest_route=%2Fwp%2Fv2%2Fmedia&parent=21"}],"curies":[{"name":"wp","href":"https:\/\/api.w.org\/{rel}","templated":true}]}}