{"id":146,"date":"2014-01-26T14:32:40","date_gmt":"2014-01-26T14:32:40","guid":{"rendered":"http:\/\/astrid-kruse.de\/?page_id=146"},"modified":"2017-03-28T18:56:46","modified_gmt":"2017-03-28T18:56:46","slug":"astrid-kruse","status":"publish","type":"page","link":"http:\/\/astrid-kruse.de\/?page_id=146","title":{"rendered":"Astrid Kruse"},"content":{"rendered":"<blockquote><p><span style=\"color: #000080;\">Der Mensch,<\/span><\/p>\n<p><span style=\"color: #000080;\">das Augenwesen,<\/span><\/p>\n<p><span style=\"color: #000080;\">braucht ein Bild.<br \/>\n<\/span><\/p>\n<p><em><span style=\"color: #000080;\">Leonardo da Vinci<a href=\"https:\/\/i0.wp.com\/astrid-kruse.de\/wp-content\/uploads\/2017\/03\/Astrid-1-e1490727271732.jpg\"><img data-attachment-id=\"1607\" data-permalink=\"http:\/\/astrid-kruse.de\/?attachment_id=1607\" data-orig-file=\"https:\/\/i0.wp.com\/astrid-kruse.de\/wp-content\/uploads\/2017\/03\/Astrid-1-e1490727271732.jpg?fit=800%2C1067\" data-orig-size=\"800,1067\" data-comments-opened=\"1\" data-image-meta=\"{&quot;aperture&quot;:&quot;2.8&quot;,&quot;credit&quot;:&quot;&quot;,&quot;camera&quot;:&quot;DMC-FZ200&quot;,&quot;caption&quot;:&quot;&quot;,&quot;created_timestamp&quot;:&quot;1488023612&quot;,&quot;copyright&quot;:&quot;&quot;,&quot;focal_length&quot;:&quot;9.4&quot;,&quot;iso&quot;:&quot;400&quot;,&quot;shutter_speed&quot;:&quot;0.025&quot;,&quot;title&quot;:&quot;&quot;,&quot;orientation&quot;:&quot;1&quot;}\" data-image-title=\"Astrid\" data-image-description=\"\" data-image-caption=\"\" data-medium-file=\"https:\/\/i0.wp.com\/astrid-kruse.de\/wp-content\/uploads\/2017\/03\/Astrid-1-e1490727271732.jpg?fit=225%2C300\" data-large-file=\"https:\/\/i0.wp.com\/astrid-kruse.de\/wp-content\/uploads\/2017\/03\/Astrid-1-e1490727271732.jpg?fit=768%2C1024\" decoding=\"async\" loading=\"lazy\" class=\"size-medium wp-image-1607 alignright\" src=\"https:\/\/i0.wp.com\/astrid-kruse.de\/wp-content\/uploads\/2017\/03\/Astrid-1.jpg?resize=225%2C300\" alt=\"\" width=\"225\" height=\"300\" data-recalc-dims=\"1\" \/><\/a><\/span><\/em><\/p><\/blockquote>\n<p>Als K\u00fcnstlerin wie auch als ausgebildete und langj\u00e4hrig praktizierende Heilpraktikerin, mit Ausbildung in Gestaltungstherapie und Altenpflege, habe ich einen umfassenden Blick auf sch\u00f6pferisches Tun und kreative Prozesse.<\/p>\n<p>Kunst ist mehr, als Bilder zu malen. Kunst findet zuerst in jedem Malenden statt und ben\u00f6tigt eine Abbildungsfl\u00e4che. Das entstehende Bild will mit ihm in den Dialog treten und ringt ihm Herausforderungen ab. Kunst will keineswegs f\u00fcr immer eingerahmt bleiben, sondern sucht ihren Selbstausdruck stets zu erneuern.<\/p>\n<p>Meine Bilder und Skulpturen finden sich unter <a href=\"http:\/\/astrid-kruse.de\/?page_id=63\">Atelier<\/a>.<\/p>\n","protected":false},"excerpt":{"rendered":"<p>Der Mensch, das Augenwesen, braucht ein Bild. Leonardo da Vinci Als K\u00fcnstlerin wie auch als ausgebildete und langj\u00e4hrig praktizierende Heilpraktikerin, mit Ausbildung in Gestaltungstherapie und Altenpflege, habe ich einen umfassenden Blick auf sch\u00f6pferisches Tun und kreative Prozesse. Kunst ist mehr, &hellip; <a href=\"http:\/\/astrid-kruse.de\/?page_id=146\">Weiter<\/a><\/p>\n","protected":false},"author":2,"featured_media":0,"parent":0,"menu_order":0,"comment_status":"closed","ping_status":"open","template":"page-fullwidth.php","meta":[],"jetpack_sharing_enabled":true,"jetpack_shortlink":"https:\/\/wp.me\/P4hUDp-2m","jetpack-related-posts":[{"id":24,"url":"http:\/\/astrid-kruse.de\/?page_id=24","url_meta":{"origin":146,"position":0},"title":"Kurse","date":"Januar 24, 2014","format":false,"excerpt":"Als Kind ist jeder ein K\u00fcnstler. Die Schwierigkeit liegt darin, als Erwachsener einer zu bleiben. Pablo Picasso In kleinen Gruppen erf\u00e4hrt jeder einzelne Teilnehmer gen\u00fcgend Raum und Aufmerksamkeit, um sein Werk entstehen zu lassen. So wird Individualit\u00e4t und Selbstwertgef\u00fchl gef\u00f6rdert, Konzentration gest\u00e4rkt und der Sinn f\u00fcr Kunst und \u00c4sthetik sensibilisiert.\u2026","rel":"","context":"\u00c4hnlicher Beitrag","img":{"alt_text":"","src":"","width":0,"height":0},"classes":[]},{"id":132,"url":"http:\/\/astrid-kruse.de\/?page_id=132","url_meta":{"origin":146,"position":1},"title":"Einzelunterricht","date":"Januar 26, 2014","format":false,"excerpt":"Einzelunterricht f\u00fcr Kinder und Jugendliche zur F\u00f6rderung der Feinmotorik bei Defiziten wie z.B. f\u00fcr Kinder, die in die erste Klasse kommen und noch Schwierigkeiten haben mit Stift, Pinsel & Co umzugehen zur Intensivf\u00f6rderung malbegeisterter Kinder und Jugendlicher als Begleitung und Anleitung zur Umsetzung eigener Ideen und Sujets \u00a0 Einzelunterricht f\u00fcr\u2026","rel":"","context":"\u00c4hnlicher Beitrag","img":{"alt_text":"","src":"","width":0,"height":0},"classes":[]},{"id":130,"url":"http:\/\/astrid-kruse.de\/?page_id=130","url_meta":{"origin":146,"position":2},"title":"Kurse f\u00fcr Erwachsene","date":"Januar 26, 2014","format":false,"excerpt":"Jeder K\u00fcnstler hat irgendwann einmal als Amateur angefangen. Ralph Waldo Emerson Sie m\u00f6chten anfangen zu malen und zu zeichnen, oder wieder einsteigen, Sie suchen Ideen und Anregungen oder wollen in Ihrem kreativen Prozess fortfahren? In freundlicher Atmosph\u00e4re und Schritt f\u00fcr Schritt erlernen Sie das Umsetzen von Bildern, das Experimentieren mit\u2026","rel":"","context":"\u00c4hnlicher Beitrag","img":{"alt_text":"","src":"","width":0,"height":0},"classes":[]},{"id":1733,"url":"http:\/\/astrid-kruse.de\/?page_id=1733","url_meta":{"origin":146,"position":3},"title":"Datenschutzerkl\u00e4rung","date":"Juni 25, 2018","format":false,"excerpt":"Diese Datenschutzerkl\u00e4rung kl\u00e4rt Sie \u00fcber die Art, den Umfang und Zweck der Verarbeitung von personenbezogenen Daten (nachfolgend kurz \u201eDaten\u201c) innerhalb unseres Onlineangebotes und der mit ihm verbundenen Webseiten, Funktionen und Inhalte sowie externen Onlinepr\u00e4senzen, wie z.B. unser Social Media Profile auf (nachfolgend gemeinsam bezeichnet als \u201eOnlineangebot\u201c). Im Hinblick auf die\u2026","rel":"","context":"\u00c4hnlicher Beitrag","img":{"alt_text":"","src":"","width":0,"height":0},"classes":[]},{"id":68,"url":"http:\/\/astrid-kruse.de\/?page_id=68","url_meta":{"origin":146,"position":4},"title":"Antrag auf Schnupperstunde","date":"Januar 25, 2014","format":false,"excerpt":"Wenn Sie oder Ihr Kind Interesse an einer Schnupperstunde haben, freue ich mich sehr. Bitte f\u00fcllen Sie das folgende Formular aus. Ich werde mich dann so schnell als m\u00f6glich bei Ihnen melden.","rel":"","context":"\u00c4hnlicher Beitrag","img":{"alt_text":"","src":"","width":0,"height":0},"classes":[]},{"id":128,"url":"http:\/\/astrid-kruse.de\/?page_id=128","url_meta":{"origin":146,"position":5},"title":"Kurse f\u00fcr Kinder und Jugendliche","date":"Januar 26, 2014","format":false,"excerpt":"Die Kurse\u00a0 (12 Maltermine) f\u00fcr Kinder ab sechs Jahren und Jugendliche finden entsprechend ihrer Altersstufe an verschiedenen Nachmittagen einmal w\u00f6chentlich statt. Es gibt 60- und 90-min\u00fctige Kurse. 60min Kurs: 12 x 60 Minuten, \u20ac 134,50 inkl. Material 90min Kurs: 12 x 90 Minuten, \u20ac 169,80 inkl. Material Regelm\u00e4\u00dfig pr\u00e4sentieren wir\u2026","rel":"","context":"\u00c4hnlicher Beitrag","img":{"alt_text":"","src":"https:\/\/i0.wp.com\/astrid-kruse.de\/wp-content\/uploads\/2023\/09\/9E5F305A-0D57-4BEB-81C6-817FF753647F_1_105_c-e1694595856765.jpeg?resize=350%2C200","width":350,"height":200},"classes":[]}],"_links":{"self":[{"href":"http:\/\/astrid-kruse.de\/index.php?rest_route=\/wp\/v2\/pages\/146"}],"collection":[{"href":"http:\/\/astrid-kruse.de\/index.php?rest_route=\/wp\/v2\/pages"}],"about":[{"href":"http:\/\/astrid-kruse.de\/index.php?rest_route=\/wp\/v2\/types\/page"}],"author":[{"embeddable":true,"href":"http:\/\/astrid-kruse.de\/index.php?rest_route=\/wp\/v2\/users\/2"}],"replies":[{"embeddable":true,"href":"http:\/\/astrid-kruse.de\/index.php?rest_route=%2Fwp%2Fv2%2Fcomments&post=146"}],"version-history":[{"count":23,"href":"http:\/\/astrid-kruse.de\/index.php?rest_route=\/wp\/v2\/pages\/146\/revisions"}],"predecessor-version":[{"id":1605,"href":"http:\/\/astrid-kruse.de\/index.php?rest_route=\/wp\/v2\/pages\/146\/revisions\/1605"}],"wp:attachment":[{"href":"http:\/\/astrid-kruse.de\/index.php?rest_route=%2Fwp%2Fv2%2Fmedia&parent=146"}],"curies":[{"name":"wp","href":"https:\/\/api.w.org\/{rel}","templated":true}]}}