{"id":106,"date":"2014-01-26T10:42:16","date_gmt":"2014-01-26T10:42:16","guid":{"rendered":"http:\/\/astrid-kruse.de\/?page_id=106"},"modified":"2018-06-25T21:00:45","modified_gmt":"2018-06-25T21:00:45","slug":"kontaktformular","status":"publish","type":"page","link":"http:\/\/astrid-kruse.de\/?page_id=106","title":{"rendered":"Kontaktformular"},"content":{"rendered":"<p>Sie k\u00f6nnen mir hier gerne Ihre Nachricht hinterlassen und ich werde mich bei Ihnen melden.<\/p>\n\n<div class=\"wpcf7 no-js\" id=\"wpcf7-f112-o1\" lang=\"de-DE\" dir=\"ltr\">\n<div class=\"screen-reader-response\"><p role=\"status\" aria-live=\"polite\" aria-atomic=\"true\"><\/p> <ul><\/ul><\/div>\n<form action=\"\/index.php?rest_route=%2Fwp%2Fv2%2Fpages%2F106#wpcf7-f112-o1\" method=\"post\" class=\"wpcf7-form init\" aria-label=\"Kontaktformular\" novalidate=\"novalidate\" data-status=\"init\">\n<div style=\"display: none;\">\n<input type=\"hidden\" name=\"_wpcf7\" value=\"112\" \/>\n<input type=\"hidden\" name=\"_wpcf7_version\" value=\"5.7.4\" \/>\n<input type=\"hidden\" name=\"_wpcf7_locale\" value=\"de_DE\" \/>\n<input type=\"hidden\" name=\"_wpcf7_unit_tag\" value=\"wpcf7-f112-o1\" \/>\n<input type=\"hidden\" name=\"_wpcf7_container_post\" value=\"0\" \/>\n<input type=\"hidden\" name=\"_wpcf7_posted_data_hash\" value=\"\" \/>\n<\/div>\n<table>\n\t<tr>\n\t\t<td>\n\t\t\t<p>Ihr Name (Pflichtfeld)\n\t\t\t<\/p>\n\t\t\t<p><span class=\"wpcf7-form-control-wrap\" data-name=\"your-name\"><input size=\"40\" class=\"wpcf7-form-control wpcf7-text wpcf7-validates-as-required\" aria-required=\"true\" aria-invalid=\"false\" value=\"\" type=\"text\" name=\"your-name\" \/><\/span>\n\t\t\t<\/p>\n\t\t\t<p>Ihre E-Mail-Adresse (Pflichtfeld)\n\t\t\t<\/p>\n\t\t\t<p><span class=\"wpcf7-form-control-wrap\" data-name=\"your-email\"><input size=\"40\" class=\"wpcf7-form-control wpcf7-text wpcf7-email wpcf7-validates-as-required wpcf7-validates-as-email\" aria-required=\"true\" aria-invalid=\"false\" value=\"\" type=\"email\" name=\"your-email\" \/><\/span>\n\t\t\t<\/p>\n\t\t\t<p>Betreff\n\t\t\t<\/p>\n\t\t\t<p><span class=\"wpcf7-form-control-wrap\" data-name=\"your-subject\"><input size=\"40\" class=\"wpcf7-form-control wpcf7-text\" aria-invalid=\"false\" value=\"\" type=\"text\" name=\"your-subject\" \/><\/span>\n\t\t\t<\/p>\n\t\t\t<p>Ihre Nachricht\n\t\t\t<\/p>\n\t\t\t<p><span class=\"wpcf7-form-control-wrap\" data-name=\"your-message\"><textarea cols=\"40\" rows=\"10\" class=\"wpcf7-form-control wpcf7-textarea\" aria-invalid=\"false\" name=\"your-message\"><\/textarea><\/span>\n\t\t\t<\/p>\n\t\t\t<p><input class=\"wpcf7-form-control has-spinner wpcf7-submit\" type=\"submit\" value=\"Senden\" \/>\n\t\t\t<\/p>\n\t\t<\/td>\n\t<\/tr>\n<\/table><p style=\"display: none !important;\"><label>&#916;<textarea name=\"_wpcf7_ak_hp_textarea\" cols=\"45\" rows=\"8\" maxlength=\"100\"><\/textarea><\/label><input type=\"hidden\" id=\"ak_js_1\" name=\"_wpcf7_ak_js\" value=\"140\"\/><script>document.getElementById( \"ak_js_1\" ).setAttribute( \"value\", ( new Date() ).getTime() );<\/script><\/p><div class=\"wpcf7-response-output\" aria-hidden=\"true\"><\/div>\n<\/form>\n<\/div>\n\n<p><i>Hinweise zur Verarbeitung Ihrer Angaben und Widerspruchsrechte: <a href=\"http:\/\/astrid-kruse.de\/?page_id=1733\">Datenschutzerkl\u00e4rung<\/a><\/i><\/p>\n","protected":false},"excerpt":{"rendered":"<p>Sie k\u00f6nnen mir hier gerne Ihre Nachricht hinterlassen und ich werde mich bei Ihnen melden. Hinweise zur Verarbeitung Ihrer Angaben und Widerspruchsrechte: Datenschutzerkl\u00e4rung<\/p>\n","protected":false},"author":1,"featured_media":0,"parent":0,"menu_order":0,"comment_status":"closed","ping_status":"open","template":"page-fullwidth.php","meta":[],"jetpack_sharing_enabled":true,"jetpack_shortlink":"https:\/\/wp.me\/P4hUDp-1I","jetpack-related-posts":[{"id":65,"url":"http:\/\/astrid-kruse.de\/?page_id=65","url_meta":{"origin":106,"position":0},"title":"Kontakt","date":"Januar 25, 2014","format":false,"excerpt":"Wenn Sie Interesse an den Kursangeboten haben, k\u00f6nnen Sie sich gerne bei mir melden. Gerne stehe ich Ihnen auch f\u00fcr ein pers\u00f6nliches Gespr\u00e4ch zur \u00a0Verf\u00fcgung. Sie erreichen mich unter der Telefonnummer\u00a007425 \u2013 27 193\u00a0oder per Email astridkruse@gmx.de. Alternativ k\u00f6nnen Sie auch gerne online ein Kontaktformular ausf\u00fcllen. \u00a0 Standort:","rel":"","context":"\u00c4hnlicher Beitrag","img":{"alt_text":"","src":"","width":0,"height":0},"classes":[]},{"id":1733,"url":"http:\/\/astrid-kruse.de\/?page_id=1733","url_meta":{"origin":106,"position":1},"title":"Datenschutzerkl\u00e4rung","date":"Juni 25, 2018","format":false,"excerpt":"Diese Datenschutzerkl\u00e4rung kl\u00e4rt Sie \u00fcber die Art, den Umfang und Zweck der Verarbeitung von personenbezogenen Daten (nachfolgend kurz \u201eDaten\u201c) innerhalb unseres Onlineangebotes und der mit ihm verbundenen Webseiten, Funktionen und Inhalte sowie externen Onlinepr\u00e4senzen, wie z.B. unser Social Media Profile auf (nachfolgend gemeinsam bezeichnet als \u201eOnlineangebot\u201c). Im Hinblick auf die\u2026","rel":"","context":"\u00c4hnlicher Beitrag","img":{"alt_text":"","src":"","width":0,"height":0},"classes":[]}],"_links":{"self":[{"href":"http:\/\/astrid-kruse.de\/index.php?rest_route=\/wp\/v2\/pages\/106"}],"collection":[{"href":"http:\/\/astrid-kruse.de\/index.php?rest_route=\/wp\/v2\/pages"}],"about":[{"href":"http:\/\/astrid-kruse.de\/index.php?rest_route=\/wp\/v2\/types\/page"}],"author":[{"embeddable":true,"href":"http:\/\/astrid-kruse.de\/index.php?rest_route=\/wp\/v2\/users\/1"}],"replies":[{"embeddable":true,"href":"http:\/\/astrid-kruse.de\/index.php?rest_route=%2Fwp%2Fv2%2Fcomments&post=106"}],"version-history":[{"count":3,"href":"http:\/\/astrid-kruse.de\/index.php?rest_route=\/wp\/v2\/pages\/106\/revisions"}],"predecessor-version":[{"id":1745,"href":"http:\/\/astrid-kruse.de\/index.php?rest_route=\/wp\/v2\/pages\/106\/revisions\/1745"}],"wp:attachment":[{"href":"http:\/\/astrid-kruse.de\/index.php?rest_route=%2Fwp%2Fv2%2Fmedia&parent=106"}],"curies":[{"name":"wp","href":"https:\/\/api.w.org\/{rel}","templated":true}]}}