{"id":10,"date":"2014-01-24T15:53:05","date_gmt":"2014-01-24T15:53:05","guid":{"rendered":"http:\/\/astrid-kruse.de\/?page_id=10"},"modified":"2015-05-02T11:46:25","modified_gmt":"2015-05-02T11:46:25","slug":"impressum","status":"publish","type":"page","link":"http:\/\/astrid-kruse.de\/?page_id=10","title":{"rendered":"Impressum"},"content":{"rendered":"<p>Astrid Kruse (Dozentin)<br \/>\nAuf G\u00f6lten 40<br \/>\n78647 Trossingen<br \/>\nTelefon: +49 7425 27 193<br \/>\nE-Mail:\u00a0<a href=\"mailto:astridkruse@gmx.de\">astridkruse@gmx.de<\/a><br \/>\nInternet:\u00a0<a href=\"http:\/\/www.astrid-kruse.de\">http:\/\/www.astrid-kruse.de<\/a><\/p>\n<p>Steuer-IdNr. 21295\/20634<\/p>\n<p>Haftungshinweis: Trotz sorgf\u00e4ltiger inhaltlicher Kontrolle \u00fcbernehmen wir keine Haftung f\u00fcr die Inhalte externer Links. F\u00fcr den Inhalt der verlinkten Seiten sind ausschlie\u00dflich deren Betreiber verantwortlich.<\/p>\n<p><iframe loading=\"lazy\" style=\"border: 0;\" src=\"https:\/\/www.google.com\/maps\/embed?pb=!1m14!1m8!1m3!1d2666.395394672794!2d8.63611845!3d48.06401045!3m2!1i1024!2i768!4f13.1!3m3!1m2!1s0x479098bb4ea8eedb%3A0xd9de8e26288adaa2!2smalchule+astrid+kruse!5e0!3m2!1sen!2sde!4v1390579755051\" height=\"450\" width=\"600\" frameborder=\"0\"><\/iframe><\/p>\n","protected":false},"excerpt":{"rendered":"<p>Astrid Kruse (Dozentin) Auf G\u00f6lten 40 78647 Trossingen Telefon: +49 7425 27 193 E-Mail:\u00a0astridkruse@gmx.de Internet:\u00a0http:\/\/www.astrid-kruse.de Steuer-IdNr. 21295\/20634 Haftungshinweis: Trotz sorgf\u00e4ltiger inhaltlicher Kontrolle \u00fcbernehmen wir keine Haftung f\u00fcr die Inhalte externer Links. F\u00fcr den Inhalt der verlinkten Seiten sind ausschlie\u00dflich deren &hellip; <a href=\"http:\/\/astrid-kruse.de\/?page_id=10\">Weiter<\/a><\/p>\n","protected":false},"author":1,"featured_media":0,"parent":0,"menu_order":0,"comment_status":"closed","ping_status":"open","template":"","meta":[],"jetpack_sharing_enabled":true,"jetpack_shortlink":"https:\/\/wp.me\/P4hUDp-a","jetpack-related-posts":[{"id":132,"url":"http:\/\/astrid-kruse.de\/?page_id=132","url_meta":{"origin":10,"position":0},"title":"Einzelunterricht","date":"Januar 26, 2014","format":false,"excerpt":"Einzelunterricht f\u00fcr Kinder und Jugendliche zur F\u00f6rderung der Feinmotorik bei Defiziten wie z.B. f\u00fcr Kinder, die in die erste Klasse kommen und noch Schwierigkeiten haben mit Stift, Pinsel & Co umzugehen zur Intensivf\u00f6rderung malbegeisterter Kinder und Jugendlicher als Begleitung und Anleitung zur Umsetzung eigener Ideen und Sujets \u00a0 Einzelunterricht f\u00fcr\u2026","rel":"","context":"\u00c4hnlicher Beitrag","img":{"alt_text":"","src":"","width":0,"height":0},"classes":[]},{"id":24,"url":"http:\/\/astrid-kruse.de\/?page_id=24","url_meta":{"origin":10,"position":1},"title":"Kurse","date":"Januar 24, 2014","format":false,"excerpt":"Als Kind ist jeder ein K\u00fcnstler. Die Schwierigkeit liegt darin, als Erwachsener einer zu bleiben. Pablo Picasso In kleinen Gruppen erf\u00e4hrt jeder einzelne Teilnehmer gen\u00fcgend Raum und Aufmerksamkeit, um sein Werk entstehen zu lassen. So wird Individualit\u00e4t und Selbstwertgef\u00fchl gef\u00f6rdert, Konzentration gest\u00e4rkt und der Sinn f\u00fcr Kunst und \u00c4sthetik sensibilisiert.\u2026","rel":"","context":"\u00c4hnlicher Beitrag","img":{"alt_text":"","src":"","width":0,"height":0},"classes":[]},{"id":130,"url":"http:\/\/astrid-kruse.de\/?page_id=130","url_meta":{"origin":10,"position":2},"title":"Kurse f\u00fcr Erwachsene","date":"Januar 26, 2014","format":false,"excerpt":"Jeder K\u00fcnstler hat irgendwann einmal als Amateur angefangen. Ralph Waldo Emerson Sie m\u00f6chten anfangen zu malen und zu zeichnen, oder wieder einsteigen, Sie suchen Ideen und Anregungen oder wollen in Ihrem kreativen Prozess fortfahren? In freundlicher Atmosph\u00e4re und Schritt f\u00fcr Schritt erlernen Sie das Umsetzen von Bildern, das Experimentieren mit\u2026","rel":"","context":"\u00c4hnlicher Beitrag","img":{"alt_text":"","src":"","width":0,"height":0},"classes":[]},{"id":128,"url":"http:\/\/astrid-kruse.de\/?page_id=128","url_meta":{"origin":10,"position":3},"title":"Kurse f\u00fcr Kinder und Jugendliche","date":"Januar 26, 2014","format":false,"excerpt":"Die Kurse\u00a0 (12 Maltermine) f\u00fcr Kinder ab sechs Jahren und Jugendliche finden entsprechend ihrer Altersstufe an verschiedenen Nachmittagen einmal w\u00f6chentlich statt. Es gibt 60- und 90-min\u00fctige Kurse. 60min Kurs: 12 x 60 Minuten, \u20ac 134,50 inkl. Material 90min Kurs: 12 x 90 Minuten, \u20ac 169,80 inkl. Material Regelm\u00e4\u00dfig pr\u00e4sentieren wir\u2026","rel":"","context":"\u00c4hnlicher Beitrag","img":{"alt_text":"","src":"https:\/\/i0.wp.com\/astrid-kruse.de\/wp-content\/uploads\/2023\/09\/9E5F305A-0D57-4BEB-81C6-817FF753647F_1_105_c-e1694595856765.jpeg?resize=350%2C200","width":350,"height":200},"classes":[]},{"id":1733,"url":"http:\/\/astrid-kruse.de\/?page_id=1733","url_meta":{"origin":10,"position":4},"title":"Datenschutzerkl\u00e4rung","date":"Juni 25, 2018","format":false,"excerpt":"Diese Datenschutzerkl\u00e4rung kl\u00e4rt Sie \u00fcber die Art, den Umfang und Zweck der Verarbeitung von personenbezogenen Daten (nachfolgend kurz \u201eDaten\u201c) innerhalb unseres Onlineangebotes und der mit ihm verbundenen Webseiten, Funktionen und Inhalte sowie externen Onlinepr\u00e4senzen, wie z.B. unser Social Media Profile auf (nachfolgend gemeinsam bezeichnet als \u201eOnlineangebot\u201c). Im Hinblick auf die\u2026","rel":"","context":"\u00c4hnlicher Beitrag","img":{"alt_text":"","src":"","width":0,"height":0},"classes":[]},{"id":65,"url":"http:\/\/astrid-kruse.de\/?page_id=65","url_meta":{"origin":10,"position":5},"title":"Kontakt","date":"Januar 25, 2014","format":false,"excerpt":"Wenn Sie Interesse an den Kursangeboten haben, k\u00f6nnen Sie sich gerne bei mir melden. Gerne stehe ich Ihnen auch f\u00fcr ein pers\u00f6nliches Gespr\u00e4ch zur \u00a0Verf\u00fcgung. Sie erreichen mich unter der Telefonnummer\u00a007425 \u2013 27 193\u00a0oder per Email astridkruse@gmx.de. Alternativ k\u00f6nnen Sie auch gerne online ein Kontaktformular ausf\u00fcllen. \u00a0 Standort:","rel":"","context":"\u00c4hnlicher Beitrag","img":{"alt_text":"","src":"","width":0,"height":0},"classes":[]}],"_links":{"self":[{"href":"http:\/\/astrid-kruse.de\/index.php?rest_route=\/wp\/v2\/pages\/10"}],"collection":[{"href":"http:\/\/astrid-kruse.de\/index.php?rest_route=\/wp\/v2\/pages"}],"about":[{"href":"http:\/\/astrid-kruse.de\/index.php?rest_route=\/wp\/v2\/types\/page"}],"author":[{"embeddable":true,"href":"http:\/\/astrid-kruse.de\/index.php?rest_route=\/wp\/v2\/users\/1"}],"replies":[{"embeddable":true,"href":"http:\/\/astrid-kruse.de\/index.php?rest_route=%2Fwp%2Fv2%2Fcomments&post=10"}],"version-history":[{"count":3,"href":"http:\/\/astrid-kruse.de\/index.php?rest_route=\/wp\/v2\/pages\/10\/revisions"}],"predecessor-version":[{"id":1159,"href":"http:\/\/astrid-kruse.de\/index.php?rest_route=\/wp\/v2\/pages\/10\/revisions\/1159"}],"wp:attachment":[{"href":"http:\/\/astrid-kruse.de\/index.php?rest_route=%2Fwp%2Fv2%2Fmedia&parent=10"}],"curies":[{"name":"wp","href":"https:\/\/api.w.org\/{rel}","templated":true}]}}